{"id":5895,"date":"2019-02-23T16:06:25","date_gmt":"2025-04-15T08:08:32","guid":{"rendered":"https:\/\/www.tecnoedilsistem.com\/?post_type=product&#038;p=5895"},"modified":"2025-04-15T10:16:56","modified_gmt":"2025-04-15T08:16:56","slug":"euro-mix-400v","status":"publish","type":"product","link":"https:\/\/www.tecnoedilsistem.com\/fr\/machines-fr\/melange\/euro-mix-400v\/","title":{"rendered":"EURO MIX 400V"},"content":{"rendered":"<ul>\n<li>Tableau \u00e9lectrique avec onduleur<\/li>\n<li>Ensacheuse<\/li>\n<li>J&#8217;utilise des produits humides et en poudre<\/li>\n<\/ul>\n<p><strong>EURO MIX<\/strong> est un malaxeur \u00e0 sec pour le m\u00e9lange de mat\u00e9riaux en poudre dont les granulats ne doivent pas d\u00e9passer 3 \u00e0 4 mm d\u2019\u00e9paisseur.<\/p>\n<p>Les principaux avantages de ce syst\u00e8me de m\u00e9lange sont :<\/p>\n<ul>\n<li>\u00e9conomie de travail;<\/li>\n<li>constance dans la qualit\u00e9 du m\u00e9lange;<\/li>\n<li>utilisation d&#8217;espaces r\u00e9duits sur le chantier.<\/li>\n<\/ul>\n<p>Le m\u00e9langeur a \u00e9t\u00e9 con\u00e7u pour obtenir d&#8217;excellentes performances et a \u00e9t\u00e9 fabriqu\u00e9 avec des mat\u00e9riaux de premi\u00e8re qualit\u00e9 et con\u00e7u pour garantir un entretien rapide et facile. Le syst\u00e8me \u00e9lectrique a \u00e9t\u00e9 con\u00e7u pour \u00eatre complet dans son essence avec toutes les commandes pour obtenir des man\u0153uvres sans ambigu\u00eft\u00e9 pour une utilisation correcte du m\u00e9langeur. Le principal avantage est d\u00fb \u00e0 la pr\u00e9sence de l&#8217;INVERTER dans le tableau \u00e9lectrique qui permet de changer le sens de rotation de la spirale de m\u00e9lange, de r\u00e9duire la consommation et de travailler m\u00eame en pr\u00e9sence de tr\u00e8s basses tensions.<\/p>\n<p><strong>EURO MIX <\/strong>peut \u00e9galement \u00eatre utilis\u00e9 comme poussoir \u00e0 saucisses.<\/p>\n<table style=\"height: 350px;\" width=\"590\">\n<tbody>\n<tr>\n<td style=\"text-align: left;\" width=\"340\"><strong>Mode d&#8217;emploi<\/strong><\/td>\n<\/tr>\n<tr>\n<td style=\"text-align: left;\" width=\"340\">\n<ul>\n<li>M\u00e9langer \u2013 P\u00e9trir<\/li>\n<\/ul>\n<\/td>\n<\/tr>\n<tr>\n<td style=\"text-align: left;\" width=\"340\"><strong>Caract\u00e9ristiques techniques<\/strong><\/td>\n<\/tr>\n<tr>\n<td style=\"text-align: left;\" width=\"340\">\n<ul>\n<li>Tension : 400 V<\/li>\n<li>Puissance : 3 kW \u2013 4 CV<\/li>\n<li>Moteur \u00e0 vis sans fin SF : 1400 tr\/min. \u2013 6A<\/li>\n<li>Pompe d&#8217;amor\u00e7age \u00e9lectrique : 0,44 kW<\/li>\n<li>Onduleur : 400 V<\/li>\n<li>Capacit\u00e9 : 240 l<\/li>\n<li>Poids total : 300 kg<\/li>\n<\/ul>\n<\/td>\n<\/tr>\n<tr>\n<td style=\"text-align: left;\" width=\"340\"><strong style=\"font-family: inherit; font-size: inherit;\">\u00c9quipement standard<\/strong><\/td>\n<\/tr>\n<tr>\n<td style=\"text-align: left;\" width=\"340\">\n<ul>\n<li>C\u00e2ble \u00e9lectrique de 25 m<\/li>\n<li>Poids total : 6 kg<\/li>\n<\/ul>\n<\/td>\n<\/tr>\n<\/tbody>\n<\/table>\n<p>&nbsp;<\/p>\n","protected":false},"excerpt":{"rendered":"<p><strong>EURO MIX<\/strong> est un malaxeur \u00e0 sec pour le m\u00e9lange de mat\u00e9riaux en poudre dont les agr\u00e9gats ne doivent pas d\u00e9passer 3 \u00e0 4 mm d\u2019\u00e9paisseur.<\/p>\n","protected":false},"featured_media":5235,"template":"","meta":[],"product_cat":[158,170],"product_tag":[],"class_list":["post-5895","product","type-product","status-publish","has-post-thumbnail","hentry","product_cat-machines-fr","product_cat-melange"],"yoast_head":"<title>EURO MIX 400V in vendita su Tecno Edil Sistem<\/title>\n<meta name=\"description\" content=\"EURO MIX 400V in vendita su tecnoedilsistem.com dove puoi trovare prodotti per il settore edile: macchine, ricambi ed accessori.\" \/>\n<meta name=\"robots\" content=\"index, follow, max-snippet:-1, max-image-preview:large, max-video-preview:-1\" \/>\n<link rel=\"canonical\" href=\"https:\/\/www.tecnoedilsistem.com\/fr\/machines-fr\/melange\/euro-mix-400v\/\" \/>\n<meta property=\"og:locale\" content=\"fr_FR\" \/>\n<meta property=\"og:type\" content=\"article\" \/>\n<meta property=\"og:title\" content=\"EURO MIX 400V in vendita su Tecno Edil Sistem\" \/>\n<meta property=\"og:description\" content=\"EURO MIX 400V in vendita su tecnoedilsistem.com dove puoi trovare prodotti per il settore edile: macchine, ricambi ed accessori.\" \/>\n<meta property=\"og:url\" content=\"https:\/\/www.tecnoedilsistem.com\/fr\/machines-fr\/melange\/euro-mix-400v\/\" \/>\n<meta property=\"og:site_name\" content=\"Tecnoedilsistem\" \/>\n<meta property=\"article:modified_time\" content=\"2025-04-15T08:16:56+00:00\" \/>\n<meta property=\"og:image\" content=\"https:\/\/www.tecnoedilsistem.com\/newsite\/wp-content\/uploads\/2019\/02\/EURO-MIX-3-1.jpg\" \/>\n\t<meta property=\"og:image:width\" content=\"1500\" \/>\n\t<meta property=\"og:image:height\" content=\"1500\" \/>\n\t<meta property=\"og:image:type\" content=\"image\/jpeg\" \/>\n<meta name=\"twitter:card\" content=\"summary_large_image\" \/>\n<meta name=\"twitter:label1\" content=\"Dur\u00e9e de lecture estim\u00e9e\" \/>\n\t<meta name=\"twitter:data1\" content=\"2 minutes\" \/>\n<script type=\"application\/ld+json\" class=\"yoast-schema-graph\">{\"@context\":\"https:\/\/schema.org\",\"@graph\":[{\"@type\":\"WebPage\",\"@id\":\"https:\/\/www.tecnoedilsistem.com\/fr\/machines-fr\/melange\/euro-mix-400v\/\",\"url\":\"https:\/\/www.tecnoedilsistem.com\/fr\/machines-fr\/melange\/euro-mix-400v\/\",\"name\":\"EURO MIX 400V in vendita su Tecno Edil Sistem\",\"isPartOf\":{\"@id\":\"https:\/\/www.tecnoedilsistem.com\/#website\"},\"datePublished\":\"2025-04-15T08:08:32+00:00\",\"dateModified\":\"2025-04-15T08:16:56+00:00\",\"description\":\"EURO MIX 400V in vendita su tecnoedilsistem.com dove puoi trovare prodotti per il settore edile: macchine, ricambi ed accessori.\",\"breadcrumb\":{\"@id\":\"https:\/\/www.tecnoedilsistem.com\/fr\/machines-fr\/melange\/euro-mix-400v\/#breadcrumb\"},\"inLanguage\":\"fr-FR\",\"potentialAction\":[{\"@type\":\"ReadAction\",\"target\":[\"https:\/\/www.tecnoedilsistem.com\/fr\/machines-fr\/melange\/euro-mix-400v\/\"]}]},{\"@type\":\"BreadcrumbList\",\"@id\":\"https:\/\/www.tecnoedilsistem.com\/fr\/machines-fr\/melange\/euro-mix-400v\/#breadcrumb\",\"itemListElement\":[{\"@type\":\"ListItem\",\"position\":1,\"name\":\"Home\",\"item\":\"https:\/\/www.tecnoedilsistem.com\/fr\/\"},{\"@type\":\"ListItem\",\"position\":2,\"name\":\"Shop\",\"item\":\"https:\/\/www.tecnoedilsistem.com\/?page_id=6\"},{\"@type\":\"ListItem\",\"position\":3,\"name\":\"EURO MIX 400V\"}]},{\"@type\":\"WebSite\",\"@id\":\"https:\/\/www.tecnoedilsistem.com\/#website\",\"url\":\"https:\/\/www.tecnoedilsistem.com\/\",\"name\":\"Tecnoedilsistem\",\"description\":\"Progettazione, sviluppo e commercio di macchine edili\",\"potentialAction\":[{\"@type\":\"SearchAction\",\"target\":{\"@type\":\"EntryPoint\",\"urlTemplate\":\"https:\/\/www.tecnoedilsistem.com\/?s={search_term_string}\"},\"query-input\":\"required name=search_term_string\"}],\"inLanguage\":\"fr-FR\"}]}<\/script>","yoast_head_json":{"title":"EURO MIX 400V in vendita su Tecno Edil Sistem","description":"EURO MIX 400V in vendita su tecnoedilsistem.com dove puoi trovare prodotti per il settore edile: macchine, ricambi ed accessori.","robots":{"index":"index","follow":"follow","max-snippet":"max-snippet:-1","max-image-preview":"max-image-preview:large","max-video-preview":"max-video-preview:-1"},"canonical":"https:\/\/www.tecnoedilsistem.com\/fr\/machines-fr\/melange\/euro-mix-400v\/","og_locale":"fr_FR","og_type":"article","og_title":"EURO MIX 400V in vendita su Tecno Edil Sistem","og_description":"EURO MIX 400V in vendita su tecnoedilsistem.com dove puoi trovare prodotti per il settore edile: macchine, ricambi ed accessori.","og_url":"https:\/\/www.tecnoedilsistem.com\/fr\/machines-fr\/melange\/euro-mix-400v\/","og_site_name":"Tecnoedilsistem","article_modified_time":"2025-04-15T08:16:56+00:00","og_image":[{"width":1500,"height":1500,"url":"https:\/\/www.tecnoedilsistem.com\/newsite\/wp-content\/uploads\/2019\/02\/EURO-MIX-3-1.jpg","type":"image\/jpeg"}],"twitter_card":"summary_large_image","twitter_misc":{"Dur\u00e9e de lecture estim\u00e9e":"2 minutes"},"schema":{"@context":"https:\/\/schema.org","@graph":[{"@type":"WebPage","@id":"https:\/\/www.tecnoedilsistem.com\/fr\/machines-fr\/melange\/euro-mix-400v\/","url":"https:\/\/www.tecnoedilsistem.com\/fr\/machines-fr\/melange\/euro-mix-400v\/","name":"EURO MIX 400V in vendita su Tecno Edil Sistem","isPartOf":{"@id":"https:\/\/www.tecnoedilsistem.com\/#website"},"datePublished":"2025-04-15T08:08:32+00:00","dateModified":"2025-04-15T08:16:56+00:00","description":"EURO MIX 400V in vendita su tecnoedilsistem.com dove puoi trovare prodotti per il settore edile: macchine, ricambi ed accessori.","breadcrumb":{"@id":"https:\/\/www.tecnoedilsistem.com\/fr\/machines-fr\/melange\/euro-mix-400v\/#breadcrumb"},"inLanguage":"fr-FR","potentialAction":[{"@type":"ReadAction","target":["https:\/\/www.tecnoedilsistem.com\/fr\/machines-fr\/melange\/euro-mix-400v\/"]}]},{"@type":"BreadcrumbList","@id":"https:\/\/www.tecnoedilsistem.com\/fr\/machines-fr\/melange\/euro-mix-400v\/#breadcrumb","itemListElement":[{"@type":"ListItem","position":1,"name":"Home","item":"https:\/\/www.tecnoedilsistem.com\/fr\/"},{"@type":"ListItem","position":2,"name":"Shop","item":"https:\/\/www.tecnoedilsistem.com\/?page_id=6"},{"@type":"ListItem","position":3,"name":"EURO MIX 400V"}]},{"@type":"WebSite","@id":"https:\/\/www.tecnoedilsistem.com\/#website","url":"https:\/\/www.tecnoedilsistem.com\/","name":"Tecnoedilsistem","description":"Progettazione, sviluppo e commercio di macchine edili","potentialAction":[{"@type":"SearchAction","target":{"@type":"EntryPoint","urlTemplate":"https:\/\/www.tecnoedilsistem.com\/?s={search_term_string}"},"query-input":"required name=search_term_string"}],"inLanguage":"fr-FR"}]}},"_links":{"self":[{"href":"https:\/\/www.tecnoedilsistem.com\/fr\/wp-json\/wp\/v2\/product\/5895","targetHints":{"allow":["GET"]}}],"collection":[{"href":"https:\/\/www.tecnoedilsistem.com\/fr\/wp-json\/wp\/v2\/product"}],"about":[{"href":"https:\/\/www.tecnoedilsistem.com\/fr\/wp-json\/wp\/v2\/types\/product"}],"wp:featuredmedia":[{"embeddable":true,"href":"https:\/\/www.tecnoedilsistem.com\/fr\/wp-json\/wp\/v2\/media\/5235"}],"wp:attachment":[{"href":"https:\/\/www.tecnoedilsistem.com\/fr\/wp-json\/wp\/v2\/media?parent=5895"}],"wp:term":[{"taxonomy":"product_cat","embeddable":true,"href":"https:\/\/www.tecnoedilsistem.com\/fr\/wp-json\/wp\/v2\/product_cat?post=5895"},{"taxonomy":"product_tag","embeddable":true,"href":"https:\/\/www.tecnoedilsistem.com\/fr\/wp-json\/wp\/v2\/product_tag?post=5895"}],"curies":[{"name":"wp","href":"https:\/\/api.w.org\/{rel}","templated":true}]}}