{"id":3011,"date":"2019-04-03T19:56:41","date_gmt":"2019-04-03T17:56:41","guid":{"rendered":"https:\/\/www.tecnoedilsistem.com\/newsite\/?post_type=product&#038;p=3011"},"modified":"2025-12-02T11:15:22","modified_gmt":"2025-12-02T10:15:22","slug":"mac-97","status":"publish","type":"product","link":"https:\/\/www.tecnoedilsistem.com\/macchine\/intonacatrice-mac-97-400v\/","title":{"rendered":"Intonacatrice<br\/>MAC 97 400V"},"content":{"rendered":"<ul>\n<li>Facile da trasportare<\/li>\n<li>Facile pulizia<\/li>\n<li>Sistema ruota a cella<\/li>\n<\/ul>\n<p><strong>MAC 97<\/strong> <strong>400V<\/strong> \u00e8 una <strong>macchina intonacatrice<\/strong> per la posa in opera di intonaci premiscelati a base di cemento o gesso ed intonaci termoisolanti.<\/p>\n<p>Pu\u00f2 essere utilizzata con sacchi o con il sistema a silo. Di semplice impiego, pu\u00f2 essere facilmente spostata e trasportata. La ricambistica sia meccanica che elettrica pu\u00f2 essere reperibile in qualsiasi negozio specializzato.<\/p>\n<table style=\"height: 1415px;\" width=\"797\">\n<tbody>\n<tr>\n<td style=\"text-align: left;\" width=\"340\"><strong>Indicazioni d\u2019uso<\/strong><\/td>\n<\/tr>\n<tr>\n<td style=\"text-align: left;\" width=\"340\">\n<ul>\n<li>Applicare\/proiettare <strong>intonaci premiscelati<\/strong> &#8220;secchi&#8221; (sacco o silo) &#8211; sistema premiscelato<\/li>\n<\/ul>\n<\/td>\n<\/tr>\n<tr>\n<td style=\"text-align: left;\" width=\"340\"><strong>Caratteristiche Tecniche<\/strong><\/td>\n<\/tr>\n<tr>\n<td style=\"text-align: left;\" width=\"340\">\n<ul>\n<li>Tensione: 400 V<\/li>\n<li>Motoriduttore pompa mono: 395 giri\/min. &#8211; 5.5 kW &#8211; 12 A<\/li>\n<li>Compressore a membrana: 250 l\/min. &#8211; 0.82 kW &#8211; 1.9 A<\/li>\n<li>Motoriduttore ruota a celle: 28 giri\/min. &#8211; 0.55 kW &#8211; 2.6 A<\/li>\n<li>Elettropompa acqua: 5-40 l\/min. &#8211; 0.37 kW &#8211; 1.15 A<\/li>\n<li>*Portata: 1300 l\/h (<a href=\"https:\/\/www.tecnoedilsistem.com\/statore-d6-3-arancione\/\">D6-3 Arancione<\/a>) &#8211; 1400 l\/h (MV D4 Oro) &#8211; 2300 l\/h (D8-1,5 Verde) &#8211; 1800 l\/h (D8-2 Nero)<\/li>\n<li>*Prevalenza: fino a 40 m<\/li>\n<li>*Pressione di esercizio: dai 10 ai 40 bar<\/li>\n<li>Potenza max assorbita: 9 kW &#8211; 16.5 A<\/li>\n<li>Potenza sonora: 100 dB(A)<\/li>\n<li>Peso totale: 250 Kg<\/li>\n<li>Lunghezza x Larghezza x Altezza: 110 x 73 x 152 cm<\/li>\n<\/ul>\n<p>* I valori possono variare a seconda della qualit\u00e0 e della composizione del materiale utilizzato, dalle condizioni dei tubi e della pompa mono.<\/td>\n<\/tr>\n<tr>\n<td style=\"text-align: left;\" width=\"340\"><strong>Dotazione Standard<\/strong><\/td>\n<\/tr>\n<tr>\n<td style=\"text-align: left;\" width=\"340\">\n<ul>\n<li>15 m tubo malta 25 x 37 (40 atm)<\/li>\n<li>15 m tubo aria 12 x 19 (10 atm)<\/li>\n<li>20 m tubo acqua 19 x 26 (10 atm)<\/li>\n<li>25 m cavo elettrico<\/li>\n<li>1 pistola spruzza intonaco<\/li>\n<li>Set manutenzione e pulizia<\/li>\n<li>N\u00b01 <a href=\"https:\/\/www.tecnoedilsistem.com\/kit-1-1-statore-rotore-d6-3-arancione\/\">Kit Statore e Rotore (Polmone e Vite): D6-3 Arancione<\/a><\/li>\n<li>Peso totale: 38 kg<\/li>\n<\/ul>\n<\/td>\n<\/tr>\n<tr>\n<td style=\"text-align: left;\" width=\"340\"><strong>Abbinamenti consigliati tra Pompe Mono e materiali<\/strong><\/td>\n<\/tr>\n<tr>\n<td style=\"text-align: left;\" width=\"340\"><strong><a href=\"https:\/\/www.tecnoedilsistem.com\/statore-d6-3-arancione\/\">D6-3 Arancione<\/a><\/strong><\/p>\n<ul>\n<li><strong>INTONACI PREMISCELATI<\/strong><br \/>\n<h6>A BASE CEMENTO &#8211; A BASE CALCE &#8211; A BASE CALCE\/CEMENTO &#8211; STRUTTURALE<\/h6>\n<\/li>\n<\/ul>\n<\/td>\n<\/tr>\n<tr>\n<td style=\"text-align: left;\" width=\"340\"><strong>MV D4 Oro<\/strong><\/p>\n<ul>\n<li><strong>INTONACI PREMISCELATI:<\/strong><br \/>\n<h6>A BASE GESSO &#8211; A BASE CALCE\/GESSO &#8211; ISOLANTE A CAPPOTTO &#8211; ACUSTICO &#8211; IGNIFUGO<\/h6>\n<\/li>\n<\/ul>\n<\/td>\n<\/tr>\n<tr>\n<td style=\"text-align: left;\" width=\"340\"><strong>D8-1,5 Verde<\/strong><\/p>\n<ul>\n<li><strong>INTONACI PREMISCELATI:<\/strong><br \/>\n<h6>A BASE GESSO &#8211; A BASE CALCE\/GESSO &#8211; ISOLANTE A CAPPOTTO &#8211; ACUSTICO &#8211; IGNIFUGO<\/h6>\n<\/li>\n<\/ul>\n<\/td>\n<\/tr>\n<\/tbody>\n<\/table>\n<p>&nbsp;<\/p>\n","protected":false},"excerpt":{"rendered":"<p>La<strong> MAC 97<\/strong> <strong>400V<\/strong> \u00e8 una macchina intonacatrice per la posa in opera di intonaci premiscelati a base di cemento o gesso ed intonaci termoisolanti.<\/p>\n","protected":false},"featured_media":3013,"template":"","meta":[],"product_cat":[38,53],"product_tag":[],"class_list":["post-3011","product","type-product","status-publish","has-post-thumbnail","hentry","product_cat-macchine","product_cat-proiettare-intonaci-premiscelati"],"yoast_head":"<title>IntonacatriceMAC 97 400V in vendita su Tecno Edil Sistem<\/title>\n<meta name=\"description\" content=\"IntonacatriceMAC 97 400V in vendita su tecnoedilsistem.com dove puoi trovare prodotti per il settore edile: macchine, ricambi ed accessori.\" \/>\n<meta name=\"robots\" content=\"index, follow, max-snippet:-1, max-image-preview:large, max-video-preview:-1\" \/>\n<link rel=\"canonical\" href=\"https:\/\/www.tecnoedilsistem.com\/macchine\/intonacatrice-mac-97-400v\/\" \/>\n<meta property=\"og:locale\" content=\"fr_FR\" \/>\n<meta property=\"og:type\" content=\"article\" \/>\n<meta property=\"og:title\" content=\"IntonacatriceMAC 97 400V in vendita su Tecno Edil Sistem\" \/>\n<meta property=\"og:description\" content=\"IntonacatriceMAC 97 400V in vendita su tecnoedilsistem.com dove puoi trovare prodotti per il settore edile: macchine, ricambi ed accessori.\" \/>\n<meta property=\"og:url\" content=\"https:\/\/www.tecnoedilsistem.com\/macchine\/intonacatrice-mac-97-400v\/\" \/>\n<meta property=\"og:site_name\" content=\"Tecnoedilsistem\" \/>\n<meta property=\"article:modified_time\" content=\"2025-12-02T10:15:22+00:00\" \/>\n<meta property=\"og:image\" content=\"https:\/\/www.tecnoedilsistem.com\/newsite\/wp-content\/uploads\/2019\/04\/MAC-97-2.jpg\" \/>\n\t<meta property=\"og:image:width\" content=\"1500\" \/>\n\t<meta property=\"og:image:height\" content=\"1500\" \/>\n\t<meta property=\"og:image:type\" content=\"image\/jpeg\" \/>\n<meta name=\"twitter:card\" content=\"summary_large_image\" \/>\n<meta name=\"twitter:label1\" content=\"Dur\u00e9e de lecture estim\u00e9e\" \/>\n\t<meta name=\"twitter:data1\" content=\"2 minutes\" \/>\n<script type=\"application\/ld+json\" class=\"yoast-schema-graph\">{\"@context\":\"https:\/\/schema.org\",\"@graph\":[{\"@type\":\"WebPage\",\"@id\":\"https:\/\/www.tecnoedilsistem.com\/macchine\/intonacatrice-mac-97-400v\/\",\"url\":\"https:\/\/www.tecnoedilsistem.com\/macchine\/intonacatrice-mac-97-400v\/\",\"name\":\"Intonacatrice MAC 97 400V in vendita su Tecno Edil Sistem\",\"isPartOf\":{\"@id\":\"https:\/\/www.tecnoedilsistem.com\/#website\"},\"datePublished\":\"2019-04-03T17:56:41+00:00\",\"dateModified\":\"2025-12-02T10:15:22+00:00\",\"description\":\"Intonacatrice MAC 97 400V in vendita su tecnoedilsistem.com dove puoi trovare prodotti per il settore edile: macchine, ricambi ed accessori.\",\"breadcrumb\":{\"@id\":\"https:\/\/www.tecnoedilsistem.com\/macchine\/intonacatrice-mac-97-400v\/#breadcrumb\"},\"inLanguage\":\"fr-FR\",\"potentialAction\":[{\"@type\":\"ReadAction\",\"target\":[\"https:\/\/www.tecnoedilsistem.com\/macchine\/intonacatrice-mac-97-400v\/\"]}]},{\"@type\":\"BreadcrumbList\",\"@id\":\"https:\/\/www.tecnoedilsistem.com\/macchine\/intonacatrice-mac-97-400v\/#breadcrumb\",\"itemListElement\":[{\"@type\":\"ListItem\",\"position\":1,\"name\":\"Home\",\"item\":\"https:\/\/www.tecnoedilsistem.com\/fr\/\"},{\"@type\":\"ListItem\",\"position\":2,\"name\":\"Shop\",\"item\":\"https:\/\/www.tecnoedilsistem.com\/?page_id=6\"},{\"@type\":\"ListItem\",\"position\":3,\"name\":\"IntonacatriceMAC 97 400V\"}]},{\"@type\":\"WebSite\",\"@id\":\"https:\/\/www.tecnoedilsistem.com\/#website\",\"url\":\"https:\/\/www.tecnoedilsistem.com\/\",\"name\":\"Tecnoedilsistem\",\"description\":\"Progettazione, sviluppo e commercio di macchine edili\",\"potentialAction\":[{\"@type\":\"SearchAction\",\"target\":{\"@type\":\"EntryPoint\",\"urlTemplate\":\"https:\/\/www.tecnoedilsistem.com\/?s={search_term_string}\"},\"query-input\":\"required name=search_term_string\"}],\"inLanguage\":\"fr-FR\"}]}<\/script>","yoast_head_json":{"title":"IntonacatriceMAC 97 400V in vendita su Tecno Edil Sistem","description":"IntonacatriceMAC 97 400V in vendita su tecnoedilsistem.com dove puoi trovare prodotti per il settore edile: macchine, ricambi ed accessori.","robots":{"index":"index","follow":"follow","max-snippet":"max-snippet:-1","max-image-preview":"max-image-preview:large","max-video-preview":"max-video-preview:-1"},"canonical":"https:\/\/www.tecnoedilsistem.com\/macchine\/intonacatrice-mac-97-400v\/","og_locale":"fr_FR","og_type":"article","og_title":"IntonacatriceMAC 97 400V in vendita su Tecno Edil Sistem","og_description":"IntonacatriceMAC 97 400V in vendita su tecnoedilsistem.com dove puoi trovare prodotti per il settore edile: macchine, ricambi ed accessori.","og_url":"https:\/\/www.tecnoedilsistem.com\/macchine\/intonacatrice-mac-97-400v\/","og_site_name":"Tecnoedilsistem","article_modified_time":"2025-12-02T10:15:22+00:00","og_image":[{"width":1500,"height":1500,"url":"https:\/\/www.tecnoedilsistem.com\/newsite\/wp-content\/uploads\/2019\/04\/MAC-97-2.jpg","type":"image\/jpeg"}],"twitter_card":"summary_large_image","twitter_misc":{"Dur\u00e9e de lecture estim\u00e9e":"2 minutes"},"schema":{"@context":"https:\/\/schema.org","@graph":[{"@type":"WebPage","@id":"https:\/\/www.tecnoedilsistem.com\/macchine\/intonacatrice-mac-97-400v\/","url":"https:\/\/www.tecnoedilsistem.com\/macchine\/intonacatrice-mac-97-400v\/","name":"Intonacatrice MAC 97 400V in vendita su Tecno Edil Sistem","isPartOf":{"@id":"https:\/\/www.tecnoedilsistem.com\/#website"},"datePublished":"2019-04-03T17:56:41+00:00","dateModified":"2025-12-02T10:15:22+00:00","description":"Intonacatrice MAC 97 400V in vendita su tecnoedilsistem.com dove puoi trovare prodotti per il settore edile: macchine, ricambi ed accessori.","breadcrumb":{"@id":"https:\/\/www.tecnoedilsistem.com\/macchine\/intonacatrice-mac-97-400v\/#breadcrumb"},"inLanguage":"fr-FR","potentialAction":[{"@type":"ReadAction","target":["https:\/\/www.tecnoedilsistem.com\/macchine\/intonacatrice-mac-97-400v\/"]}]},{"@type":"BreadcrumbList","@id":"https:\/\/www.tecnoedilsistem.com\/macchine\/intonacatrice-mac-97-400v\/#breadcrumb","itemListElement":[{"@type":"ListItem","position":1,"name":"Home","item":"https:\/\/www.tecnoedilsistem.com\/fr\/"},{"@type":"ListItem","position":2,"name":"Shop","item":"https:\/\/www.tecnoedilsistem.com\/?page_id=6"},{"@type":"ListItem","position":3,"name":"IntonacatriceMAC 97 400V"}]},{"@type":"WebSite","@id":"https:\/\/www.tecnoedilsistem.com\/#website","url":"https:\/\/www.tecnoedilsistem.com\/","name":"Tecnoedilsistem","description":"Progettazione, sviluppo e commercio di macchine edili","potentialAction":[{"@type":"SearchAction","target":{"@type":"EntryPoint","urlTemplate":"https:\/\/www.tecnoedilsistem.com\/?s={search_term_string}"},"query-input":"required name=search_term_string"}],"inLanguage":"fr-FR"}]}},"_links":{"self":[{"href":"https:\/\/www.tecnoedilsistem.com\/fr\/wp-json\/wp\/v2\/product\/3011","targetHints":{"allow":["GET"]}}],"collection":[{"href":"https:\/\/www.tecnoedilsistem.com\/fr\/wp-json\/wp\/v2\/product"}],"about":[{"href":"https:\/\/www.tecnoedilsistem.com\/fr\/wp-json\/wp\/v2\/types\/product"}],"wp:featuredmedia":[{"embeddable":true,"href":"https:\/\/www.tecnoedilsistem.com\/fr\/wp-json\/wp\/v2\/media\/3013"}],"wp:attachment":[{"href":"https:\/\/www.tecnoedilsistem.com\/fr\/wp-json\/wp\/v2\/media?parent=3011"}],"wp:term":[{"taxonomy":"product_cat","embeddable":true,"href":"https:\/\/www.tecnoedilsistem.com\/fr\/wp-json\/wp\/v2\/product_cat?post=3011"},{"taxonomy":"product_tag","embeddable":true,"href":"https:\/\/www.tecnoedilsistem.com\/fr\/wp-json\/wp\/v2\/product_tag?post=3011"}],"curies":[{"name":"wp","href":"https:\/\/api.w.org\/{rel}","templated":true}]}}