{"id":1624,"date":"2019-02-21T14:54:00","date_gmt":"2019-02-21T13:54:00","guid":{"rendered":"https:\/\/www.tecnoedilsistem.com\/newsite\/?post_type=product&#038;p=1624"},"modified":"2025-12-03T20:22:16","modified_gmt":"2025-12-03T19:22:16","slug":"giunti-di-malta-fughe-fugatrice-tecno-edil-sistem","status":"publish","type":"product","link":"https:\/\/www.tecnoedilsistem.com\/accessori\/fugatrice\/","title":{"rendered":"FUGATRICE"},"content":{"rendered":"<h2 style=\"text-align: center;\"><strong>GIUNTI DI MALTA <\/strong><strong>CON LA FUGATRICE TECNO EDIL SISTEM<\/strong><\/h2>\n<h4 style=\"text-align: center;\">soluzione ideale per professionisti e hobbisti del settore edile<\/h4>\n<ul>\n<li>\n<h5>Facile utilizzo<\/h5>\n<\/li>\n<li>\n<h5>Leggera e maneggevole<\/h5>\n<\/li>\n<li>\n<h5>Ottimo rapporto qualit\u00e0-prezzo<\/h5>\n<\/li>\n<\/ul>\n<p>Realizzare giunti di malta con la FUGATRICE Tecno Edil Sistem \u00e8 un&#8217;operazione semplice ed economica. Innanzitutto, questo accessorio pu\u00f2 essere applicato a qualsiasi trapano avvitatore, permettendo di variare il senso di rotazione e il numero di giri per ottenere risultati ottimali. Inoltre, \u00e8 ideale per fugare mattoni, mattoni a faccia vista, porfidi, lastricati di varie tipologie, pietre e ciottoli di diverse dimensioni, utilizzando malte con granulometria fino a 2 mm.<\/p>\n<p>Inoltre, la larghezza minima della fuga realizzabile \u00e8 di 6 mm. Tuttavia, dotando la FUGATRICE di ugelli supplementari, \u00e8 possibile creare fughe di larghezza maggiore. Questa flessibilit\u00e0, inoltre, rende l&#8217;accessorio adatto a diverse applicazioni, consentendo sia la realizzazione di fughe di estrema precisione sia quelle pi\u00f9 grossolane per materiali pi\u00f9 grandi, come i grandi mattoni e le pietre.<\/p>\n<p>In aggiunta, la possibilit\u00e0 di regolare i giri, grazie alla variazione di velocit\u00e0 del trapano avvitatore, permette l&#8217;utilizzo della FUGATRICE in molte situazioni diverse. Che si tratti di lavori di finitura dettagliati o di operazioni pi\u00f9 robuste, la FUGATRICE Tecno Edil Sistem si adatta alle necessit\u00e0 dell&#8217;utente, garantendo sempre risultati di alta qualit\u00e0. Pertanto, la versatilit\u00e0 di questo strumento lo rende indispensabile per chi necessita di eseguire lavori di fugatura su vari materiali e in diverse condizioni.<\/p>\n<p>In sintesi, realizzare giunti di malta con la FUGATRICE Tecno Edil Sistem \u00e8 facile e pratico. Infatti, la FUGATRICE consente di effettuare fughe su una vasta gamma di materiali con facilit\u00e0 ed efficienza. Inoltre, grazie alla sua capacit\u00e0 di adattarsi a diverse esigenze operative e alla possibilit\u00e0 di utilizzare ugelli supplementari per varie larghezze di fuga, rappresenta la soluzione ideale per professionisti e hobbisti del settore edile.<\/p>\n<p>Se invece si voglio effettuare fughe pi\u00f9 spesse e soprattutto per pareti in pietra, consigliamo di visitare la pagina della <a href=\"https:\/\/www.tecnoedilsistem.com\/macchine\/multi-mix-230v\/\">MULTI MIX<\/a><\/p>\n<div style=\"width: 2160px;\" class=\"wp-video\"><video class=\"wp-video-shortcode\" id=\"video-1624-1\" width=\"2160\" height=\"2700\" preload=\"metadata\" controls=\"controls\"><source type=\"video\/mp4\" src=\"https:\/\/www.tecnoedilsistem.com\/newsite\/wp-content\/uploads\/2019\/02\/FUGATRICE-TECNO-EDIL-SISTEM.mp4?_=1\" \/><a href=\"https:\/\/www.tecnoedilsistem.com\/newsite\/wp-content\/uploads\/2019\/02\/FUGATRICE-TECNO-EDIL-SISTEM.mp4\">https:\/\/www.tecnoedilsistem.com\/newsite\/wp-content\/uploads\/2019\/02\/FUGATRICE-TECNO-EDIL-SISTEM.mp4<\/a><\/video><\/div>\n<table style=\"height: 500px;\" width=\"590\">\n<tbody>\n<tr>\n<td style=\"text-align: left;\" width=\"340\"><strong>Indicazioni d\u2019uso<\/strong><\/td>\n<\/tr>\n<tr>\n<td style=\"text-align: left;\" width=\"340\">\n<ul>\n<li>Fugare<\/li>\n<\/ul>\n<\/td>\n<\/tr>\n<tr>\n<td style=\"text-align: left;\" width=\"340\"><strong>Caratteristiche Tecniche<\/strong><\/td>\n<\/tr>\n<tr>\n<td style=\"text-align: left;\" width=\"340\">\n<ul>\n<li>Peso: 1.5 kg<\/li>\n<li>Dimensioni bocca: 12 x 10.5 cm<\/li>\n<li>Lunghezza x Larghezza x Altezza = 27.5 x 12 x 21 cm<\/li>\n<\/ul>\n<\/td>\n<\/tr>\n<tr>\n<td style=\"text-align: left;\" width=\"340\"><strong>Manutenzione <\/strong><\/td>\n<\/tr>\n<tr>\n<td style=\"text-align: left;\" width=\"340\">\n<ul>\n<li>Lavare accuratamente dopo l\u2019utilizzo<\/li>\n<\/ul>\n<\/td>\n<\/tr>\n<tr>\n<td style=\"text-align: left;\" width=\"340\"><strong>Dotazione Standard<\/strong><\/td>\n<\/tr>\n<tr>\n<td style=\"text-align: left;\" width=\"340\">\n<ul>\n<li>Cono in gomma<\/li>\n<li>Coclea<\/li>\n<li>Ugello<\/li>\n<li>Ghiera<\/li>\n<\/ul>\n<\/td>\n<\/tr>\n<\/tbody>\n<\/table>\n<p>&nbsp;<\/p>\n","protected":false},"excerpt":{"rendered":"<p><strong>FUGATRICE<\/strong> \u00e8 un accessorio, applicabile ad un qualsiasi trapano avvitatore con la possibilit\u00e0 di variare il senso di rotazione ed il numero di giri, per iniettare e fugare con semplicit\u00e0 ed economicit\u00e0.<\/p>\n<p>(Il trapano avvitatore non \u00e8 incluso nel prezzo)<\/p>\n","protected":false},"featured_media":4752,"template":"","meta":[],"product_cat":[36,43],"product_tag":[278,277,279],"class_list":["post-1624","product","type-product","status-publish","has-post-thumbnail","hentry","product_cat-accessori","product_cat-fugare","product_tag-fugatrice","product_tag-giunti","product_tag-mattonefacciavista"],"yoast_head":"<title>Giunti di malta con la FUGATRICE Tecno Edil Sistem<\/title>\n<meta name=\"description\" content=\"Giunti di malta con la FUGATRICE Tecno Edil Sistem in vendita sul nostro sito. Puoi trovare prodotti per il settore edile: macchine, ricambi ed accessori.\" \/>\n<meta name=\"robots\" content=\"index, follow, max-snippet:-1, max-image-preview:large, max-video-preview:-1\" \/>\n<link rel=\"canonical\" href=\"https:\/\/www.tecnoedilsistem.com\/accessori\/fugatrice\/\" \/>\n<meta property=\"og:locale\" content=\"fr_FR\" \/>\n<meta property=\"og:type\" content=\"article\" \/>\n<meta property=\"og:title\" content=\"Giunti di malta con la FUGATRICE Tecno Edil Sistem\" \/>\n<meta property=\"og:description\" content=\"Giunti di malta con la FUGATRICE Tecno Edil Sistem in vendita sul nostro sito. Puoi trovare prodotti per il settore edile: macchine, ricambi ed accessori.\" \/>\n<meta property=\"og:url\" content=\"https:\/\/www.tecnoedilsistem.com\/accessori\/fugatrice\/\" \/>\n<meta property=\"og:site_name\" content=\"Tecnoedilsistem\" \/>\n<meta property=\"article:modified_time\" content=\"2025-12-03T19:22:16+00:00\" \/>\n<meta property=\"og:image\" content=\"https:\/\/www.tecnoedilsistem.com\/newsite\/wp-content\/uploads\/2019\/02\/FUGATRICE-PUB_3.jpg\" \/>\n\t<meta property=\"og:image:width\" content=\"1772\" \/>\n\t<meta property=\"og:image:height\" content=\"1772\" \/>\n\t<meta property=\"og:image:type\" content=\"image\/jpeg\" \/>\n<meta name=\"twitter:card\" content=\"summary_large_image\" \/>\n<meta name=\"twitter:label1\" content=\"Dur\u00e9e de lecture estim\u00e9e\" \/>\n\t<meta name=\"twitter:data1\" content=\"2 minutes\" \/>\n<script type=\"application\/ld+json\" class=\"yoast-schema-graph\">{\"@context\":\"https:\/\/schema.org\",\"@graph\":[{\"@type\":\"WebPage\",\"@id\":\"https:\/\/www.tecnoedilsistem.com\/accessori\/fugatrice\/\",\"url\":\"https:\/\/www.tecnoedilsistem.com\/accessori\/fugatrice\/\",\"name\":\"Giunti di malta con la FUGATRICE Tecno Edil Sistem\",\"isPartOf\":{\"@id\":\"https:\/\/www.tecnoedilsistem.com\/#website\"},\"datePublished\":\"2019-02-21T13:54:00+00:00\",\"dateModified\":\"2025-12-03T19:22:16+00:00\",\"description\":\"Giunti di malta con la FUGATRICE Tecno Edil Sistem in vendita sul nostro sito. Puoi trovare prodotti per il settore edile: macchine, ricambi ed accessori.\",\"breadcrumb\":{\"@id\":\"https:\/\/www.tecnoedilsistem.com\/accessori\/fugatrice\/#breadcrumb\"},\"inLanguage\":\"fr-FR\",\"potentialAction\":[{\"@type\":\"ReadAction\",\"target\":[\"https:\/\/www.tecnoedilsistem.com\/accessori\/fugatrice\/\"]}]},{\"@type\":\"BreadcrumbList\",\"@id\":\"https:\/\/www.tecnoedilsistem.com\/accessori\/fugatrice\/#breadcrumb\",\"itemListElement\":[{\"@type\":\"ListItem\",\"position\":1,\"name\":\"Home\",\"item\":\"https:\/\/www.tecnoedilsistem.com\/fr\/\"},{\"@type\":\"ListItem\",\"position\":2,\"name\":\"Shop\",\"item\":\"https:\/\/www.tecnoedilsistem.com\/?page_id=6\"},{\"@type\":\"ListItem\",\"position\":3,\"name\":\"FUGATRICE\"}]},{\"@type\":\"WebSite\",\"@id\":\"https:\/\/www.tecnoedilsistem.com\/#website\",\"url\":\"https:\/\/www.tecnoedilsistem.com\/\",\"name\":\"Tecnoedilsistem\",\"description\":\"Progettazione, sviluppo e commercio di macchine edili\",\"potentialAction\":[{\"@type\":\"SearchAction\",\"target\":{\"@type\":\"EntryPoint\",\"urlTemplate\":\"https:\/\/www.tecnoedilsistem.com\/?s={search_term_string}\"},\"query-input\":\"required name=search_term_string\"}],\"inLanguage\":\"fr-FR\"}]}<\/script>","yoast_head_json":{"title":"Giunti di malta con la FUGATRICE Tecno Edil Sistem","description":"Giunti di malta con la FUGATRICE Tecno Edil Sistem in vendita sul nostro sito. Puoi trovare prodotti per il settore edile: macchine, ricambi ed accessori.","robots":{"index":"index","follow":"follow","max-snippet":"max-snippet:-1","max-image-preview":"max-image-preview:large","max-video-preview":"max-video-preview:-1"},"canonical":"https:\/\/www.tecnoedilsistem.com\/accessori\/fugatrice\/","og_locale":"fr_FR","og_type":"article","og_title":"Giunti di malta con la FUGATRICE Tecno Edil Sistem","og_description":"Giunti di malta con la FUGATRICE Tecno Edil Sistem in vendita sul nostro sito. Puoi trovare prodotti per il settore edile: macchine, ricambi ed accessori.","og_url":"https:\/\/www.tecnoedilsistem.com\/accessori\/fugatrice\/","og_site_name":"Tecnoedilsistem","article_modified_time":"2025-12-03T19:22:16+00:00","og_image":[{"width":1772,"height":1772,"url":"https:\/\/www.tecnoedilsistem.com\/newsite\/wp-content\/uploads\/2019\/02\/FUGATRICE-PUB_3.jpg","type":"image\/jpeg"}],"twitter_card":"summary_large_image","twitter_misc":{"Dur\u00e9e de lecture estim\u00e9e":"2 minutes"},"schema":{"@context":"https:\/\/schema.org","@graph":[{"@type":"WebPage","@id":"https:\/\/www.tecnoedilsistem.com\/accessori\/fugatrice\/","url":"https:\/\/www.tecnoedilsistem.com\/accessori\/fugatrice\/","name":"Giunti di malta con la FUGATRICE Tecno Edil Sistem","isPartOf":{"@id":"https:\/\/www.tecnoedilsistem.com\/#website"},"datePublished":"2019-02-21T13:54:00+00:00","dateModified":"2025-12-03T19:22:16+00:00","description":"Giunti di malta con la FUGATRICE Tecno Edil Sistem in vendita sul nostro sito. Puoi trovare prodotti per il settore edile: macchine, ricambi ed accessori.","breadcrumb":{"@id":"https:\/\/www.tecnoedilsistem.com\/accessori\/fugatrice\/#breadcrumb"},"inLanguage":"fr-FR","potentialAction":[{"@type":"ReadAction","target":["https:\/\/www.tecnoedilsistem.com\/accessori\/fugatrice\/"]}]},{"@type":"BreadcrumbList","@id":"https:\/\/www.tecnoedilsistem.com\/accessori\/fugatrice\/#breadcrumb","itemListElement":[{"@type":"ListItem","position":1,"name":"Home","item":"https:\/\/www.tecnoedilsistem.com\/fr\/"},{"@type":"ListItem","position":2,"name":"Shop","item":"https:\/\/www.tecnoedilsistem.com\/?page_id=6"},{"@type":"ListItem","position":3,"name":"FUGATRICE"}]},{"@type":"WebSite","@id":"https:\/\/www.tecnoedilsistem.com\/#website","url":"https:\/\/www.tecnoedilsistem.com\/","name":"Tecnoedilsistem","description":"Progettazione, sviluppo e commercio di macchine edili","potentialAction":[{"@type":"SearchAction","target":{"@type":"EntryPoint","urlTemplate":"https:\/\/www.tecnoedilsistem.com\/?s={search_term_string}"},"query-input":"required name=search_term_string"}],"inLanguage":"fr-FR"}]}},"_links":{"self":[{"href":"https:\/\/www.tecnoedilsistem.com\/fr\/wp-json\/wp\/v2\/product\/1624","targetHints":{"allow":["GET"]}}],"collection":[{"href":"https:\/\/www.tecnoedilsistem.com\/fr\/wp-json\/wp\/v2\/product"}],"about":[{"href":"https:\/\/www.tecnoedilsistem.com\/fr\/wp-json\/wp\/v2\/types\/product"}],"wp:featuredmedia":[{"embeddable":true,"href":"https:\/\/www.tecnoedilsistem.com\/fr\/wp-json\/wp\/v2\/media\/4752"}],"wp:attachment":[{"href":"https:\/\/www.tecnoedilsistem.com\/fr\/wp-json\/wp\/v2\/media?parent=1624"}],"wp:term":[{"taxonomy":"product_cat","embeddable":true,"href":"https:\/\/www.tecnoedilsistem.com\/fr\/wp-json\/wp\/v2\/product_cat?post=1624"},{"taxonomy":"product_tag","embeddable":true,"href":"https:\/\/www.tecnoedilsistem.com\/fr\/wp-json\/wp\/v2\/product_tag?post=1624"}],"curies":[{"name":"wp","href":"https:\/\/api.w.org\/{rel}","templated":true}]}}