{"id":4589,"date":"2019-04-06T16:36:03","date_gmt":"2019-04-06T14:36:03","guid":{"rendered":"https:\/\/www.tecnoedilsistem.com\/product\/impastatore-continuo-bazooka-400v\/"},"modified":"2023-02-27T18:55:05","modified_gmt":"2023-02-27T17:55:05","slug":"impastatore-continuo-bazooka-400v","status":"publish","type":"product","link":"https:\/\/www.tecnoedilsistem.com\/es\/impastatore-continuo-bazooka-400v\/","title":{"rendered":"Impastatore continuo<br\/> BAZOOKA 400V"},"content":{"rendered":"<ul>\n<li>Bajo deterioro<\/li>\n<li>Sin necesidad de mantenimiento<\/li>\n<li>F\u00e1cil limpieza<\/li>\n<\/ul>\n<p><strong>BAZOOKA<\/strong> es una mezcladora autom\u00e1tica continua para la preparaci\u00f3n in situ de mortero con una consistencia constante y permite preparar morteros premezclados con la m\u00e1xima econom\u00eda.<\/p>\n<p>Puede fijarse f\u00e1cil y r\u00e1pidamente a cualquier silo que disponga de una brida de descarga de 250 mm. Una vez finalizada la operaci\u00f3n de fijaci\u00f3n, se abre la v\u00e1lvula del silo, permitiendo que el mortero seco llegue al sinf\u00edn dosificador del interior de la mezcladora <strong>BAZOOKA<\/strong>, tras lo cual el mortero seco es transportado a la c\u00e1mara de mezcla y, con la adici\u00f3n del agua necesaria, se obtiene una mezcla homog\u00e9nea. Al final del proceso de amasado, la mezcla obtenida se acumula en un dep\u00f3sito situado debajo de la salida y puede transportarse mediante gr\u00faa o carretilla.<\/p>\n<p>El control el\u00e9ctrico y los accesorios de agua est\u00e1n alojados en un bastidor independiente y f\u00e1cilmente transportable.<\/p>\n<p>La <strong>mezcladora continua BAZOOKA<\/strong> puede suministrarse con un mando a distancia o con un bot\u00f3n de arranque en el panel de control, pero si se utiliza una bomba de mortero, la mezcladora puede accionarse mediante el indicador de nivel de la propia bomba.<\/p>\n<p><strong>BAZOOKA<\/strong> puede desmontarse en tres partes: motor con brida, recipiente de material seco y c\u00e1mara de mezcla, lo que permite una limpieza f\u00e1cil y r\u00e1pida.<\/p>\n<table style=\"height: 500px;\" width=\"590\">\n<tbody>\n<tr>\n<td style=\"text-align: left;\" width=\"340\"><strong>Indicazioni d\u2019uso<\/strong><\/td>\n<\/tr>\n<tr>\n<td style=\"text-align: left;\" width=\"340\">\n<ul>\n<li>Impastare malte premiscelate e massetti autolivellanti<\/li>\n<\/ul>\n<\/td>\n<\/tr>\n<tr>\n<td style=\"text-align: left;\" width=\"340\"><strong>Caratteristiche Tecniche<\/strong><\/td>\n<\/tr>\n<tr>\n<td style=\"text-align: left;\" width=\"340\">\n<ul>\n<li>Tensione: 400V<\/li>\n<li>Portata: 40 l\/h<\/li>\n<li>Motore: 3 kW<\/li>\n<li>Pressione di esercizio acqua: 2 atm<\/li>\n<li>Peso totale: 120 kg<\/li>\n<li>Lunghezza x Diametro: 216 x 22 cm<\/li>\n<li>Diametro imboccatura silo: 25 cm<\/li>\n<\/ul>\n<\/td>\n<\/tr>\n<tr>\n<td style=\"text-align: left;\" width=\"340\"><strong>Dotazione Standard<\/strong><\/td>\n<\/tr>\n<tr>\n<td style=\"text-align: left;\" width=\"340\">\n<ul>\n<li>20 m tubo acqua<\/li>\n<li>25 m cavo elettrico<\/li>\n<li>Peso totale: 13 kg<\/li>\n<\/ul>\n<\/td>\n<\/tr>\n<\/tbody>\n<\/table>\n<p>&nbsp;<\/p>\n","protected":false},"excerpt":{"rendered":"<p><strong>BAZOOKA<\/strong> \u00e8 un impastatore continuo e automatico per la preparazione in cantiere di malta a consistenza costante e consente di preparare malte premiscelate con la massima economicit\u00e0.<\/p>\n","protected":false},"featured_media":4590,"template":"","meta":[],"product_cat":[159,168],"product_tag":[],"class_list":["post-4589","product","type-product","status-publish","has-post-thumbnail","hentry","product_cat-maquinas","product_cat-mezclar-mortero-premesc"],"yoast_head":"<title>Impastatore continuo BAZOOKA 400V in vendita su Tecno Edil Sistem<\/title>\n<meta name=\"description\" content=\"Impastatore continuo BAZOOKA 400V in vendita su tecnoedilsistem.com dove puoi trovare prodotti per il settore edile: macchine, ricambi ed accessori.\" \/>\n<meta name=\"robots\" content=\"index, follow, max-snippet:-1, max-image-preview:large, max-video-preview:-1\" \/>\n<link rel=\"canonical\" href=\"https:\/\/www.tecnoedilsistem.com\/es\/impastatore-continuo-bazooka-400v\/\" \/>\n<meta property=\"og:locale\" content=\"es_ES\" \/>\n<meta property=\"og:type\" content=\"article\" \/>\n<meta property=\"og:title\" content=\"Impastatore continuo BAZOOKA 400V in vendita su Tecno Edil Sistem\" \/>\n<meta property=\"og:description\" content=\"Impastatore continuo BAZOOKA 400V in vendita su tecnoedilsistem.com dove puoi trovare prodotti per il settore edile: macchine, ricambi ed accessori.\" \/>\n<meta property=\"og:url\" content=\"https:\/\/www.tecnoedilsistem.com\/es\/impastatore-continuo-bazooka-400v\/\" \/>\n<meta property=\"og:site_name\" content=\"Tecnoedilsistem\" \/>\n<meta property=\"article:modified_time\" content=\"2023-02-27T17:55:05+00:00\" \/>\n<meta property=\"og:image\" content=\"https:\/\/www.tecnoedilsistem.com\/newsite\/wp-content\/uploads\/2019\/04\/BAZOOKA-1.jpg\" \/>\n\t<meta property=\"og:image:width\" content=\"1500\" \/>\n\t<meta property=\"og:image:height\" content=\"1500\" \/>\n\t<meta property=\"og:image:type\" content=\"image\/jpeg\" \/>\n<meta name=\"twitter:card\" content=\"summary_large_image\" \/>\n<meta name=\"twitter:label1\" content=\"Tiempo de lectura\" \/>\n\t<meta name=\"twitter:data1\" content=\"1 minuto\" \/>\n<script type=\"application\/ld+json\" class=\"yoast-schema-graph\">{\"@context\":\"https:\/\/schema.org\",\"@graph\":[{\"@type\":\"WebPage\",\"@id\":\"https:\/\/www.tecnoedilsistem.com\/es\/impastatore-continuo-bazooka-400v\/\",\"url\":\"https:\/\/www.tecnoedilsistem.com\/es\/impastatore-continuo-bazooka-400v\/\",\"name\":\"Impastatore continuo BAZOOKA 400V in vendita su Tecno Edil Sistem\",\"isPartOf\":{\"@id\":\"https:\/\/www.tecnoedilsistem.com\/#website\"},\"datePublished\":\"2019-04-06T14:36:03+00:00\",\"dateModified\":\"2023-02-27T17:55:05+00:00\",\"description\":\"Impastatore continuo BAZOOKA 400V in vendita su tecnoedilsistem.com dove puoi trovare prodotti per il settore edile: macchine, ricambi ed accessori.\",\"breadcrumb\":{\"@id\":\"https:\/\/www.tecnoedilsistem.com\/es\/impastatore-continuo-bazooka-400v\/#breadcrumb\"},\"inLanguage\":\"es\",\"potentialAction\":[{\"@type\":\"ReadAction\",\"target\":[\"https:\/\/www.tecnoedilsistem.com\/es\/impastatore-continuo-bazooka-400v\/\"]}]},{\"@type\":\"BreadcrumbList\",\"@id\":\"https:\/\/www.tecnoedilsistem.com\/es\/impastatore-continuo-bazooka-400v\/#breadcrumb\",\"itemListElement\":[{\"@type\":\"ListItem\",\"position\":1,\"name\":\"Home\",\"item\":\"https:\/\/www.tecnoedilsistem.com\/es\/\"},{\"@type\":\"ListItem\",\"position\":2,\"name\":\"Shop\",\"item\":\"https:\/\/www.tecnoedilsistem.com\/?page_id=6\"},{\"@type\":\"ListItem\",\"position\":3,\"name\":\"Impastatore continuo BAZOOKA 400V\"}]},{\"@type\":\"WebSite\",\"@id\":\"https:\/\/www.tecnoedilsistem.com\/#website\",\"url\":\"https:\/\/www.tecnoedilsistem.com\/\",\"name\":\"Tecnoedilsistem\",\"description\":\"Progettazione, sviluppo e commercio di macchine edili\",\"potentialAction\":[{\"@type\":\"SearchAction\",\"target\":{\"@type\":\"EntryPoint\",\"urlTemplate\":\"https:\/\/www.tecnoedilsistem.com\/?s={search_term_string}\"},\"query-input\":\"required name=search_term_string\"}],\"inLanguage\":\"es\"}]}<\/script>","yoast_head_json":{"title":"Impastatore continuo BAZOOKA 400V in vendita su Tecno Edil Sistem","description":"Impastatore continuo BAZOOKA 400V in vendita su tecnoedilsistem.com dove puoi trovare prodotti per il settore edile: macchine, ricambi ed accessori.","robots":{"index":"index","follow":"follow","max-snippet":"max-snippet:-1","max-image-preview":"max-image-preview:large","max-video-preview":"max-video-preview:-1"},"canonical":"https:\/\/www.tecnoedilsistem.com\/es\/impastatore-continuo-bazooka-400v\/","og_locale":"es_ES","og_type":"article","og_title":"Impastatore continuo BAZOOKA 400V in vendita su Tecno Edil Sistem","og_description":"Impastatore continuo BAZOOKA 400V in vendita su tecnoedilsistem.com dove puoi trovare prodotti per il settore edile: macchine, ricambi ed accessori.","og_url":"https:\/\/www.tecnoedilsistem.com\/es\/impastatore-continuo-bazooka-400v\/","og_site_name":"Tecnoedilsistem","article_modified_time":"2023-02-27T17:55:05+00:00","og_image":[{"width":1500,"height":1500,"url":"https:\/\/www.tecnoedilsistem.com\/newsite\/wp-content\/uploads\/2019\/04\/BAZOOKA-1.jpg","type":"image\/jpeg"}],"twitter_card":"summary_large_image","twitter_misc":{"Tiempo de lectura":"1 minuto"},"schema":{"@context":"https:\/\/schema.org","@graph":[{"@type":"WebPage","@id":"https:\/\/www.tecnoedilsistem.com\/es\/impastatore-continuo-bazooka-400v\/","url":"https:\/\/www.tecnoedilsistem.com\/es\/impastatore-continuo-bazooka-400v\/","name":"Impastatore continuo BAZOOKA 400V in vendita su Tecno Edil Sistem","isPartOf":{"@id":"https:\/\/www.tecnoedilsistem.com\/#website"},"datePublished":"2019-04-06T14:36:03+00:00","dateModified":"2023-02-27T17:55:05+00:00","description":"Impastatore continuo BAZOOKA 400V in vendita su tecnoedilsistem.com dove puoi trovare prodotti per il settore edile: macchine, ricambi ed accessori.","breadcrumb":{"@id":"https:\/\/www.tecnoedilsistem.com\/es\/impastatore-continuo-bazooka-400v\/#breadcrumb"},"inLanguage":"es","potentialAction":[{"@type":"ReadAction","target":["https:\/\/www.tecnoedilsistem.com\/es\/impastatore-continuo-bazooka-400v\/"]}]},{"@type":"BreadcrumbList","@id":"https:\/\/www.tecnoedilsistem.com\/es\/impastatore-continuo-bazooka-400v\/#breadcrumb","itemListElement":[{"@type":"ListItem","position":1,"name":"Home","item":"https:\/\/www.tecnoedilsistem.com\/es\/"},{"@type":"ListItem","position":2,"name":"Shop","item":"https:\/\/www.tecnoedilsistem.com\/?page_id=6"},{"@type":"ListItem","position":3,"name":"Impastatore continuo BAZOOKA 400V"}]},{"@type":"WebSite","@id":"https:\/\/www.tecnoedilsistem.com\/#website","url":"https:\/\/www.tecnoedilsistem.com\/","name":"Tecnoedilsistem","description":"Progettazione, sviluppo e commercio di macchine edili","potentialAction":[{"@type":"SearchAction","target":{"@type":"EntryPoint","urlTemplate":"https:\/\/www.tecnoedilsistem.com\/?s={search_term_string}"},"query-input":"required name=search_term_string"}],"inLanguage":"es"}]}},"_links":{"self":[{"href":"https:\/\/www.tecnoedilsistem.com\/es\/wp-json\/wp\/v2\/product\/4589","targetHints":{"allow":["GET"]}}],"collection":[{"href":"https:\/\/www.tecnoedilsistem.com\/es\/wp-json\/wp\/v2\/product"}],"about":[{"href":"https:\/\/www.tecnoedilsistem.com\/es\/wp-json\/wp\/v2\/types\/product"}],"wp:featuredmedia":[{"embeddable":true,"href":"https:\/\/www.tecnoedilsistem.com\/es\/wp-json\/wp\/v2\/media\/4590"}],"wp:attachment":[{"href":"https:\/\/www.tecnoedilsistem.com\/es\/wp-json\/wp\/v2\/media?parent=4589"}],"wp:term":[{"taxonomy":"product_cat","embeddable":true,"href":"https:\/\/www.tecnoedilsistem.com\/es\/wp-json\/wp\/v2\/product_cat?post=4589"},{"taxonomy":"product_tag","embeddable":true,"href":"https:\/\/www.tecnoedilsistem.com\/es\/wp-json\/wp\/v2\/product_tag?post=4589"}],"curies":[{"name":"wp","href":"https:\/\/api.w.org\/{rel}","templated":true}]}}