{"id":4494,"date":"2019-02-21T14:54:00","date_gmt":"2019-02-21T13:54:00","guid":{"rendered":"https:\/\/www.tecnoedilsistem.com\/product\/sellado-de-juntas\/"},"modified":"2024-06-20T18:56:19","modified_gmt":"2024-06-20T16:56:19","slug":"juntas-mortero-fugatrice-tecno-edil-sistem","status":"publish","type":"product","link":"https:\/\/www.tecnoedilsistem.com\/es\/sellado-de-juntas\/","title":{"rendered":"FUGATRICE"},"content":{"rendered":"<h3 style=\"text-align: center;\">JUNTAS DE MORTERO CON LA FUGATRICE TECNO EDIL SISTEM<\/h3>\n<h4>Soluci\u00f3n ideal para profesionales y aficionados del sector de la construcci\u00f3n<\/h4>\n<ul>\n<li>F\u00e1cil de usar<\/li>\n<li>Ligera y manejable<\/li>\n<li>Excelente relaci\u00f3n calidad-precio<\/li>\n<\/ul>\n<p>Realizar juntas de mortero con la FUGATRICE Tecno Edil Sistem es una operaci\u00f3n simple y econ\u00f3mica. En primer lugar, este accesorio puede aplicarse a cualquier taladro atornillador, permitiendo variar el sentido de rotaci\u00f3n y el n\u00famero de revoluciones para obtener resultados \u00f3ptimos. Adem\u00e1s, es ideal para rejuntar ladrillos, ladrillos cara vista, p\u00f3rfidos, adoquines de varias tipolog\u00edas, piedras y guijarros de diferentes tama\u00f1os, utilizando morteros con granulometr\u00eda hasta 2 mm.<\/p>\n<p>Adem\u00e1s, el ancho m\u00ednimo de la junta realizable es de 6 mm. Sin embargo, dotando la FUGATRICE de boquillas suplementarias, es posible crear juntas de mayor anchura. Esta flexibilidad, adem\u00e1s, hace que el accesorio sea adecuado para diversas aplicaciones, permitiendo tanto la realizaci\u00f3n de juntas de extrema precisi\u00f3n como aquellas m\u00e1s toscas para materiales m\u00e1s grandes, como los ladrillos grandes y las piedras.<\/p>\n<p>Adem\u00e1s, la posibilidad de regular las revoluciones, gracias a la variaci\u00f3n de velocidad del taladro atornillador, permite el uso de la FUGATRICE en muchas situaciones diferentes. Ya sea para trabajos de acabado detallados o para operaciones m\u00e1s robustas, la FUGATRICE Tecno Edil Sistem se adapta a las necesidades del usuario, garantizando siempre resultados de alta calidad. Por lo tanto, la versatilidad de esta herramienta la hace indispensable para quienes necesitan realizar trabajos de rejuntado en varios materiales y en diferentes condiciones.<\/p>\n<p>En resumen, realizar juntas de mortero con la FUGATRICE Tecno Edil Sistem es f\u00e1cil y pr\u00e1ctico. De hecho, la FUGATRICE permite realizar juntas en una amplia gama de materiales con facilidad y eficiencia. Adem\u00e1s, gracias a su capacidad de adaptarse a diversas necesidades operativas y a la posibilidad de utilizar boquillas suplementarias para varias anchuras de junta, representa la soluci\u00f3n ideal para profesionales y aficionados del sector de la construcci\u00f3n.<\/p>\n<p>Si, por el contrario, se desean realizar juntas m\u00e1s gruesas y sobre todo para paredes de piedra, recomendamos visitar la p\u00e1gina de la <a href=\"https:\/\/www.tecnoedilsistem.com\/es\/macchine\/multi-mix-230v\/\">MULTI MIX<\/a>.<\/p>\n<div style=\"width: 2160px;\" class=\"wp-video\"><video class=\"wp-video-shortcode\" id=\"video-4494-1\" width=\"2160\" height=\"2700\" preload=\"metadata\" controls=\"controls\"><source type=\"video\/mp4\" src=\"https:\/\/www.tecnoedilsistem.com\/newsite\/wp-content\/uploads\/2019\/02\/FUGATRICE-TECNO-EDIL-SISTEM.mp4?_=1\" \/><a href=\"https:\/\/www.tecnoedilsistem.com\/newsite\/wp-content\/uploads\/2019\/02\/FUGATRICE-TECNO-EDIL-SISTEM.mp4\">https:\/\/www.tecnoedilsistem.com\/newsite\/wp-content\/uploads\/2019\/02\/FUGATRICE-TECNO-EDIL-SISTEM.mp4<\/a><\/video><\/div>\n<p>&nbsp;<\/p>\n<table style=\"height: 500px;\" width=\"590\">\n<tbody>\n<tr>\n<td style=\"text-align: left;\" width=\"340\"><strong>Indicaci\u00f3n de uso<\/strong><\/td>\n<\/tr>\n<tr>\n<td style=\"text-align: left;\" width=\"340\">\n<ul>\n<li>Sellado de juntas<\/li>\n<\/ul>\n<\/td>\n<\/tr>\n<tr>\n<td style=\"text-align: left;\" width=\"340\"><strong>Caracter\u00edsticas T\u00e9cnicas<\/strong><\/td>\n<\/tr>\n<tr>\n<td style=\"text-align: left;\" width=\"340\">\n<ul>\n<li>Peso: 1.5 kg<\/li>\n<li>Tama\u00f1o boquilla: 12 x 10.5 cm<\/li>\n<li>Largo x Ancho x Alto: 27.5 x 12 x 21 cm<\/li>\n<\/ul>\n<\/td>\n<\/tr>\n<tr>\n<td style=\"text-align: left;\" width=\"340\"><strong>Mantenimiento<\/strong><\/td>\n<\/tr>\n<tr>\n<td style=\"text-align: left;\" width=\"340\">\n<ul>\n<li>Lavar a fondo despu\u00e9s de su uso<\/li>\n<\/ul>\n<\/td>\n<\/tr>\n<tr>\n<td style=\"text-align: left;\" width=\"340\"><strong>Equipo est\u00e1ndar<\/strong><\/td>\n<\/tr>\n<tr>\n<td style=\"text-align: left;\" width=\"340\">\n<ul>\n<li>Cono de goma<\/li>\n<li>Tornillo transportador<\/li>\n<li>Boquilla<\/li>\n<li>Anillo de bloqueo<\/li>\n<\/ul>\n<\/td>\n<\/tr>\n<\/tbody>\n<\/table>\n<p>&nbsp;<\/p>\n","protected":false},"excerpt":{"rendered":"<p><strong>FUGATRICE <\/strong>es un accesorio, aplicable a cualquier taladro atornillador con la posibilidad de variar el sentido de giro y el n\u00famero de revoluciones, para inyectar y rejuntar de forma f\u00e1cil y econ\u00f3mica.<\/p>\n<p>(El taladro atornillador no est\u00e1 incluido en el precio)<\/p>\n","protected":false},"featured_media":4755,"template":"","meta":[],"product_cat":[153,165],"product_tag":[],"class_list":["post-4494","product","type-product","status-publish","has-post-thumbnail","hentry","product_cat-accessorios","product_cat-juntar-con-mortero"],"yoast_head":"<title>JUNTAS DE MORTERO CON FUGATRICE TECNO EDIL SISTEM<\/title>\n<meta name=\"description\" content=\"JUNTAS DE MORTERO CON LA FUGATRICE TECNO EDIL SISTEM a la venta en nuestra pagina donde puedes encontrar productos para el sector de la construcci\u00f3n\" \/>\n<meta name=\"robots\" content=\"index, follow, max-snippet:-1, max-image-preview:large, max-video-preview:-1\" \/>\n<link rel=\"canonical\" href=\"https:\/\/www.tecnoedilsistem.com\/es\/sellado-de-juntas\/\" \/>\n<meta property=\"og:locale\" content=\"es_ES\" \/>\n<meta property=\"og:type\" content=\"article\" \/>\n<meta property=\"og:title\" content=\"JUNTAS DE MORTERO CON FUGATRICE TECNO EDIL SISTEM\" \/>\n<meta property=\"og:description\" content=\"JUNTAS DE MORTERO CON LA FUGATRICE TECNO EDIL SISTEM a la venta en nuestra pagina donde puedes encontrar productos para el sector de la construcci\u00f3n\" \/>\n<meta property=\"og:url\" content=\"https:\/\/www.tecnoedilsistem.com\/es\/sellado-de-juntas\/\" \/>\n<meta property=\"og:site_name\" content=\"Tecnoedilsistem\" \/>\n<meta property=\"article:modified_time\" content=\"2024-06-20T16:56:19+00:00\" \/>\n<meta property=\"og:image\" content=\"https:\/\/www.tecnoedilsistem.com\/newsite\/wp-content\/uploads\/2019\/02\/FUGATRICE-PUB_3.jpg\" \/>\n\t<meta property=\"og:image:width\" content=\"1772\" \/>\n\t<meta property=\"og:image:height\" content=\"1772\" \/>\n\t<meta property=\"og:image:type\" content=\"image\/jpeg\" \/>\n<meta name=\"twitter:card\" content=\"summary_large_image\" \/>\n<meta name=\"twitter:label1\" content=\"Tiempo de lectura\" \/>\n\t<meta name=\"twitter:data1\" content=\"3 minutos\" \/>\n<script type=\"application\/ld+json\" class=\"yoast-schema-graph\">{\"@context\":\"https:\/\/schema.org\",\"@graph\":[{\"@type\":\"WebPage\",\"@id\":\"https:\/\/www.tecnoedilsistem.com\/es\/sellado-de-juntas\/\",\"url\":\"https:\/\/www.tecnoedilsistem.com\/es\/sellado-de-juntas\/\",\"name\":\"JUNTAS DE MORTERO CON FUGATRICE TECNO EDIL SISTEM\",\"isPartOf\":{\"@id\":\"https:\/\/www.tecnoedilsistem.com\/#website\"},\"datePublished\":\"2019-02-21T13:54:00+00:00\",\"dateModified\":\"2024-06-20T16:56:19+00:00\",\"description\":\"JUNTAS DE MORTERO CON LA FUGATRICE TECNO EDIL SISTEM a la venta en nuestra pagina donde puedes encontrar productos para el sector de la construcci\u00f3n\",\"breadcrumb\":{\"@id\":\"https:\/\/www.tecnoedilsistem.com\/es\/sellado-de-juntas\/#breadcrumb\"},\"inLanguage\":\"es\",\"potentialAction\":[{\"@type\":\"ReadAction\",\"target\":[\"https:\/\/www.tecnoedilsistem.com\/es\/sellado-de-juntas\/\"]}]},{\"@type\":\"BreadcrumbList\",\"@id\":\"https:\/\/www.tecnoedilsistem.com\/es\/sellado-de-juntas\/#breadcrumb\",\"itemListElement\":[{\"@type\":\"ListItem\",\"position\":1,\"name\":\"Home\",\"item\":\"https:\/\/www.tecnoedilsistem.com\/es\/\"},{\"@type\":\"ListItem\",\"position\":2,\"name\":\"Shop\",\"item\":\"https:\/\/www.tecnoedilsistem.com\/?page_id=6\"},{\"@type\":\"ListItem\",\"position\":3,\"name\":\"FUGATRICE\"}]},{\"@type\":\"WebSite\",\"@id\":\"https:\/\/www.tecnoedilsistem.com\/#website\",\"url\":\"https:\/\/www.tecnoedilsistem.com\/\",\"name\":\"Tecnoedilsistem\",\"description\":\"Progettazione, sviluppo e commercio di macchine edili\",\"potentialAction\":[{\"@type\":\"SearchAction\",\"target\":{\"@type\":\"EntryPoint\",\"urlTemplate\":\"https:\/\/www.tecnoedilsistem.com\/?s={search_term_string}\"},\"query-input\":\"required name=search_term_string\"}],\"inLanguage\":\"es\"}]}<\/script>","yoast_head_json":{"title":"JUNTAS DE MORTERO CON FUGATRICE TECNO EDIL SISTEM","description":"JUNTAS DE MORTERO CON LA FUGATRICE TECNO EDIL SISTEM a la venta en nuestra pagina donde puedes encontrar productos para el sector de la construcci\u00f3n","robots":{"index":"index","follow":"follow","max-snippet":"max-snippet:-1","max-image-preview":"max-image-preview:large","max-video-preview":"max-video-preview:-1"},"canonical":"https:\/\/www.tecnoedilsistem.com\/es\/sellado-de-juntas\/","og_locale":"es_ES","og_type":"article","og_title":"JUNTAS DE MORTERO CON FUGATRICE TECNO EDIL SISTEM","og_description":"JUNTAS DE MORTERO CON LA FUGATRICE TECNO EDIL SISTEM a la venta en nuestra pagina donde puedes encontrar productos para el sector de la construcci\u00f3n","og_url":"https:\/\/www.tecnoedilsistem.com\/es\/sellado-de-juntas\/","og_site_name":"Tecnoedilsistem","article_modified_time":"2024-06-20T16:56:19+00:00","og_image":[{"width":1772,"height":1772,"url":"https:\/\/www.tecnoedilsistem.com\/newsite\/wp-content\/uploads\/2019\/02\/FUGATRICE-PUB_3.jpg","type":"image\/jpeg"}],"twitter_card":"summary_large_image","twitter_misc":{"Tiempo de lectura":"3 minutos"},"schema":{"@context":"https:\/\/schema.org","@graph":[{"@type":"WebPage","@id":"https:\/\/www.tecnoedilsistem.com\/es\/sellado-de-juntas\/","url":"https:\/\/www.tecnoedilsistem.com\/es\/sellado-de-juntas\/","name":"JUNTAS DE MORTERO CON FUGATRICE TECNO EDIL SISTEM","isPartOf":{"@id":"https:\/\/www.tecnoedilsistem.com\/#website"},"datePublished":"2019-02-21T13:54:00+00:00","dateModified":"2024-06-20T16:56:19+00:00","description":"JUNTAS DE MORTERO CON LA FUGATRICE TECNO EDIL SISTEM a la venta en nuestra pagina donde puedes encontrar productos para el sector de la construcci\u00f3n","breadcrumb":{"@id":"https:\/\/www.tecnoedilsistem.com\/es\/sellado-de-juntas\/#breadcrumb"},"inLanguage":"es","potentialAction":[{"@type":"ReadAction","target":["https:\/\/www.tecnoedilsistem.com\/es\/sellado-de-juntas\/"]}]},{"@type":"BreadcrumbList","@id":"https:\/\/www.tecnoedilsistem.com\/es\/sellado-de-juntas\/#breadcrumb","itemListElement":[{"@type":"ListItem","position":1,"name":"Home","item":"https:\/\/www.tecnoedilsistem.com\/es\/"},{"@type":"ListItem","position":2,"name":"Shop","item":"https:\/\/www.tecnoedilsistem.com\/?page_id=6"},{"@type":"ListItem","position":3,"name":"FUGATRICE"}]},{"@type":"WebSite","@id":"https:\/\/www.tecnoedilsistem.com\/#website","url":"https:\/\/www.tecnoedilsistem.com\/","name":"Tecnoedilsistem","description":"Progettazione, sviluppo e commercio di macchine edili","potentialAction":[{"@type":"SearchAction","target":{"@type":"EntryPoint","urlTemplate":"https:\/\/www.tecnoedilsistem.com\/?s={search_term_string}"},"query-input":"required name=search_term_string"}],"inLanguage":"es"}]}},"_links":{"self":[{"href":"https:\/\/www.tecnoedilsistem.com\/es\/wp-json\/wp\/v2\/product\/4494","targetHints":{"allow":["GET"]}}],"collection":[{"href":"https:\/\/www.tecnoedilsistem.com\/es\/wp-json\/wp\/v2\/product"}],"about":[{"href":"https:\/\/www.tecnoedilsistem.com\/es\/wp-json\/wp\/v2\/types\/product"}],"wp:featuredmedia":[{"embeddable":true,"href":"https:\/\/www.tecnoedilsistem.com\/es\/wp-json\/wp\/v2\/media\/4755"}],"wp:attachment":[{"href":"https:\/\/www.tecnoedilsistem.com\/es\/wp-json\/wp\/v2\/media?parent=4494"}],"wp:term":[{"taxonomy":"product_cat","embeddable":true,"href":"https:\/\/www.tecnoedilsistem.com\/es\/wp-json\/wp\/v2\/product_cat?post=4494"},{"taxonomy":"product_tag","embeddable":true,"href":"https:\/\/www.tecnoedilsistem.com\/es\/wp-json\/wp\/v2\/product_tag?post=4494"}],"curies":[{"name":"wp","href":"https:\/\/api.w.org\/{rel}","templated":true}]}}