{"id":6676,"date":"2025-07-01T17:09:59","date_gmt":"2025-07-01T15:09:59","guid":{"rendered":"https:\/\/www.tecnoedilsistem.com\/?post_type=product&#038;p=6676"},"modified":"2025-07-23T10:46:57","modified_gmt":"2025-07-23T08:46:57","slug":"spray-per-polmoni-e-viti","status":"publish","type":"product","link":"https:\/\/www.tecnoedilsistem.com\/gamma-statori-e-rotori\/tes-rotofit-spray\/","title":{"rendered":"TES ROTOFIT SPRAY"},"content":{"rendered":"<p><strong>TES ROTOFIT<\/strong> \u00e8 un composto lubrificante e incolore, con elevate propriet\u00e0 antiadesive e scivolanti. Il prodotto \u00e9 specifico per agevolare l&#8217;inserimento dei rotori (viti) nei polmoni (statori) nelle pompe mono vite per gli intonaci, massetti liquidi, malte cementizie, boiacche, ecc.<\/p>\n","protected":false},"excerpt":{"rendered":"<p>LUBRIFICANTE liquido per rotori (viti) nei polmoni (statori) nelle pompe mono vite per gli intonaci, massetti liquidi, malte cementizie, boiacche, ecc.<\/p>\n","protected":false},"featured_media":6691,"template":"","meta":[],"product_cat":[37],"product_tag":[],"class_list":["post-6676","product","type-product","status-publish","has-post-thumbnail","hentry","product_cat-gamma-statori-e-rotori"],"yoast_head":"<title>TES ROTOFIT in vendita su Tecno Edil Sistem<\/title>\n<meta name=\"description\" content=\"TES ROTOFIT SPRAY in vendita su tecnoedilsistem.com dove puoi trovare prodotti per il settore edile: macchine, ricambi ed accessori.\" \/>\n<meta name=\"robots\" content=\"index, follow, max-snippet:-1, max-image-preview:large, max-video-preview:-1\" \/>\n<link rel=\"canonical\" href=\"https:\/\/www.tecnoedilsistem.com\/gamma-statori-e-rotori\/tes-rotofit-spray\/\" \/>\n<meta property=\"og:locale\" content=\"en_US\" \/>\n<meta property=\"og:type\" content=\"article\" \/>\n<meta property=\"og:title\" content=\"TES ROTOFIT in vendita su Tecno Edil Sistem\" \/>\n<meta property=\"og:description\" content=\"TES ROTOFIT SPRAY in vendita su tecnoedilsistem.com dove puoi trovare prodotti per il settore edile: macchine, ricambi ed accessori.\" \/>\n<meta property=\"og:url\" content=\"https:\/\/www.tecnoedilsistem.com\/gamma-statori-e-rotori\/tes-rotofit-spray\/\" \/>\n<meta property=\"og:site_name\" content=\"Tecnoedilsistem\" \/>\n<meta property=\"article:modified_time\" content=\"2025-07-23T08:46:57+00:00\" \/>\n<meta property=\"og:image\" content=\"https:\/\/www.tecnoedilsistem.com\/newsite\/wp-content\/uploads\/2025\/06\/20250625_100555-Photoroom.png\" \/>\n\t<meta property=\"og:image:width\" content=\"582\" \/>\n\t<meta property=\"og:image:height\" content=\"818\" \/>\n\t<meta property=\"og:image:type\" content=\"image\/png\" \/>\n<meta name=\"twitter:card\" content=\"summary_large_image\" \/>\n<meta name=\"twitter:label1\" content=\"Est. reading time\" \/>\n\t<meta name=\"twitter:data1\" content=\"1 minute\" \/>\n<script type=\"application\/ld+json\" class=\"yoast-schema-graph\">{\"@context\":\"https:\/\/schema.org\",\"@graph\":[{\"@type\":\"WebPage\",\"@id\":\"https:\/\/www.tecnoedilsistem.com\/gamma-statori-e-rotori\/tes-rotofit-spray\/\",\"url\":\"https:\/\/www.tecnoedilsistem.com\/gamma-statori-e-rotori\/tes-rotofit-spray\/\",\"name\":\"TES ROTOFIT in vendita su Tecno Edil Sistem\",\"isPartOf\":{\"@id\":\"https:\/\/www.tecnoedilsistem.com\/#website\"},\"datePublished\":\"2025-07-01T15:09:59+00:00\",\"dateModified\":\"2025-07-23T08:46:57+00:00\",\"description\":\"TES ROTOFIT SPRAY in vendita su tecnoedilsistem.com dove puoi trovare prodotti per il settore edile: macchine, ricambi ed accessori.\",\"breadcrumb\":{\"@id\":\"https:\/\/www.tecnoedilsistem.com\/gamma-statori-e-rotori\/tes-rotofit-spray\/#breadcrumb\"},\"inLanguage\":\"en-US\",\"potentialAction\":[{\"@type\":\"ReadAction\",\"target\":[\"https:\/\/www.tecnoedilsistem.com\/gamma-statori-e-rotori\/tes-rotofit-spray\/\"]}]},{\"@type\":\"BreadcrumbList\",\"@id\":\"https:\/\/www.tecnoedilsistem.com\/gamma-statori-e-rotori\/tes-rotofit-spray\/#breadcrumb\",\"itemListElement\":[{\"@type\":\"ListItem\",\"position\":1,\"name\":\"Home\",\"item\":\"https:\/\/www.tecnoedilsistem.com\/en\/\"},{\"@type\":\"ListItem\",\"position\":2,\"name\":\"Shop\",\"item\":\"https:\/\/www.tecnoedilsistem.com\/?page_id=6\"},{\"@type\":\"ListItem\",\"position\":3,\"name\":\"TES ROTOFIT SPRAY\"}]},{\"@type\":\"WebSite\",\"@id\":\"https:\/\/www.tecnoedilsistem.com\/#website\",\"url\":\"https:\/\/www.tecnoedilsistem.com\/\",\"name\":\"Tecnoedilsistem\",\"description\":\"Progettazione, sviluppo e commercio di macchine edili\",\"potentialAction\":[{\"@type\":\"SearchAction\",\"target\":{\"@type\":\"EntryPoint\",\"urlTemplate\":\"https:\/\/www.tecnoedilsistem.com\/?s={search_term_string}\"},\"query-input\":\"required name=search_term_string\"}],\"inLanguage\":\"en-US\"}]}<\/script>","yoast_head_json":{"title":"TES ROTOFIT in vendita su Tecno Edil Sistem","description":"TES ROTOFIT SPRAY in vendita su tecnoedilsistem.com dove puoi trovare prodotti per il settore edile: macchine, ricambi ed accessori.","robots":{"index":"index","follow":"follow","max-snippet":"max-snippet:-1","max-image-preview":"max-image-preview:large","max-video-preview":"max-video-preview:-1"},"canonical":"https:\/\/www.tecnoedilsistem.com\/gamma-statori-e-rotori\/tes-rotofit-spray\/","og_locale":"en_US","og_type":"article","og_title":"TES ROTOFIT in vendita su Tecno Edil Sistem","og_description":"TES ROTOFIT SPRAY in vendita su tecnoedilsistem.com dove puoi trovare prodotti per il settore edile: macchine, ricambi ed accessori.","og_url":"https:\/\/www.tecnoedilsistem.com\/gamma-statori-e-rotori\/tes-rotofit-spray\/","og_site_name":"Tecnoedilsistem","article_modified_time":"2025-07-23T08:46:57+00:00","og_image":[{"width":582,"height":818,"url":"https:\/\/www.tecnoedilsistem.com\/newsite\/wp-content\/uploads\/2025\/06\/20250625_100555-Photoroom.png","type":"image\/png"}],"twitter_card":"summary_large_image","twitter_misc":{"Est. reading time":"1 minute"},"schema":{"@context":"https:\/\/schema.org","@graph":[{"@type":"WebPage","@id":"https:\/\/www.tecnoedilsistem.com\/gamma-statori-e-rotori\/tes-rotofit-spray\/","url":"https:\/\/www.tecnoedilsistem.com\/gamma-statori-e-rotori\/tes-rotofit-spray\/","name":"TES ROTOFIT in vendita su Tecno Edil Sistem","isPartOf":{"@id":"https:\/\/www.tecnoedilsistem.com\/#website"},"datePublished":"2025-07-01T15:09:59+00:00","dateModified":"2025-07-23T08:46:57+00:00","description":"TES ROTOFIT SPRAY in vendita su tecnoedilsistem.com dove puoi trovare prodotti per il settore edile: macchine, ricambi ed accessori.","breadcrumb":{"@id":"https:\/\/www.tecnoedilsistem.com\/gamma-statori-e-rotori\/tes-rotofit-spray\/#breadcrumb"},"inLanguage":"en-US","potentialAction":[{"@type":"ReadAction","target":["https:\/\/www.tecnoedilsistem.com\/gamma-statori-e-rotori\/tes-rotofit-spray\/"]}]},{"@type":"BreadcrumbList","@id":"https:\/\/www.tecnoedilsistem.com\/gamma-statori-e-rotori\/tes-rotofit-spray\/#breadcrumb","itemListElement":[{"@type":"ListItem","position":1,"name":"Home","item":"https:\/\/www.tecnoedilsistem.com\/en\/"},{"@type":"ListItem","position":2,"name":"Shop","item":"https:\/\/www.tecnoedilsistem.com\/?page_id=6"},{"@type":"ListItem","position":3,"name":"TES ROTOFIT SPRAY"}]},{"@type":"WebSite","@id":"https:\/\/www.tecnoedilsistem.com\/#website","url":"https:\/\/www.tecnoedilsistem.com\/","name":"Tecnoedilsistem","description":"Progettazione, sviluppo e commercio di macchine edili","potentialAction":[{"@type":"SearchAction","target":{"@type":"EntryPoint","urlTemplate":"https:\/\/www.tecnoedilsistem.com\/?s={search_term_string}"},"query-input":"required name=search_term_string"}],"inLanguage":"en-US"}]}},"_links":{"self":[{"href":"https:\/\/www.tecnoedilsistem.com\/en\/wp-json\/wp\/v2\/product\/6676","targetHints":{"allow":["GET"]}}],"collection":[{"href":"https:\/\/www.tecnoedilsistem.com\/en\/wp-json\/wp\/v2\/product"}],"about":[{"href":"https:\/\/www.tecnoedilsistem.com\/en\/wp-json\/wp\/v2\/types\/product"}],"wp:featuredmedia":[{"embeddable":true,"href":"https:\/\/www.tecnoedilsistem.com\/en\/wp-json\/wp\/v2\/media\/6691"}],"wp:attachment":[{"href":"https:\/\/www.tecnoedilsistem.com\/en\/wp-json\/wp\/v2\/media?parent=6676"}],"wp:term":[{"taxonomy":"product_cat","embeddable":true,"href":"https:\/\/www.tecnoedilsistem.com\/en\/wp-json\/wp\/v2\/product_cat?post=6676"},{"taxonomy":"product_tag","embeddable":true,"href":"https:\/\/www.tecnoedilsistem.com\/en\/wp-json\/wp\/v2\/product_tag?post=6676"}],"curies":[{"name":"wp","href":"https:\/\/api.w.org\/{rel}","templated":true}]}}