{"id":3292,"date":"2019-05-11T11:13:54","date_gmt":"2019-05-11T09:13:54","guid":{"rendered":"https:\/\/www.tecnoedilsistem.com\/?post_type=product&#038;p=3292"},"modified":"2023-08-29T08:51:47","modified_gmt":"2023-08-29T06:51:47","slug":"generatore-di-schiuma-kit-cemento-cellulare-230v-1-compressore","status":"publish","type":"product","link":"https:\/\/www.tecnoedilsistem.com\/generatore-di-schiuma-kit-cemento-cellulare-230v\/","title":{"rendered":"Generatore di schiuma <br\/>KIT CEMENTO CELLULARE 230V (1 compressore)"},"content":{"rendered":"<ul>\n<li>Facile pulizia<\/li>\n<li>Leggera e maneggevole<\/li>\n<li>Compressore removibile<\/li>\n<\/ul>\n<p>Il<strong> generatore di schiuma KIT CEMENTO CELLULARE 230V <\/strong>\u00e8 un accessorio che, abbinato ad una macchina intonacatrice, permette la produzione del cemento cellulare miscelando boiacca di cemento con la schiuma.<\/p>\n<p>La boiacca di cemento, pu\u00f2 essere ottenuta con la nostra macchina <strong><a href=\"https:\/\/www.tecnoedilsistem.com\/mac-90-evolution-230v-full-optional\/\">MAC 90 evolution 230 V<\/a><\/strong> con cui \u00e8 possibile ottenere una produzione oraria fino a circa 8 m<sup>3<\/sup>.<\/p>\n<p>La schiuma \u00e8 ottenuta da un agente schiumogeno in soluzione acquosa con aria compressa. Il cemento cellulare \u00e8 tra i migliori isolanti termici ed acustici presenti sul mercato, \u00e8 riciclabile ed essendo prodotto direttamente in cantiere, ha un impatto ambientale zero. Viene utilizzato anche per la realizzazione di pendenze su terrazze, riempimenti di volte e sottomassetti.<\/p>\n<p>Con l&#8217;utilizzo di appositi casseri ben sigillati, \u00e8 possibile realizzare tamponature e tramezzi con i relativi vantaggi dell&#8217;isolamento.<\/p>\n<p>Su richiesta potr\u00e0 essere realizzata la versione del <strong>generatore di schiuma KIT CEMENTO CELLULARE<\/strong> 400 V.<\/p>\n<table style=\"height: 600px;\" width=\"590\">\n<tbody>\n<tr>\n<td style=\"text-align: left;\" width=\"340\"><strong>Indicazioni d\u2019uso<\/strong><\/td>\n<\/tr>\n<tr>\n<td style=\"text-align: left;\" width=\"340\">\n<ul>\n<li>Miscelatore statico con produttore di schiuma<\/li>\n<\/ul>\n<\/td>\n<\/tr>\n<tr>\n<td style=\"text-align: left;\" width=\"340\"><strong>Caratteristiche Tecniche<\/strong><\/td>\n<\/tr>\n<tr>\n<td style=\"text-align: left;\" width=\"340\">\n<ul>\n<li>Tensione: 230V<\/li>\n<li>Elettropompa acqua: 5-50 l\/min. &#8211; 0.5 kW &#8211; 3.7 A<\/li>\n<li>Potenza max assorbita: 1.0 kW &#8211; 2.4 A<\/li>\n<li>Potenza sonora: 99 dB(A)<\/li>\n<li>Peso totale: 55 kg<\/li>\n<li>Lunghezza x Larghezza x Altezza: 65 x 55 x 110 cm<\/li>\n<\/ul>\n<\/td>\n<\/tr>\n<tr>\n<td style=\"text-align: left;\" width=\"340\"><strong>Dotazione Standard<\/strong><\/td>\n<\/tr>\n<tr>\n<td style=\"text-align: left;\" width=\"340\">\n<ul>\n<li>N\u00b01 compressore a membrana: 210 l\/min. &#8211; 0.52 kW &#8211; 2.26 A<\/li>\n<li>Sistema per il dosaggio dell\u2019agente schiumogeno<\/li>\n<li>Quadro elettrico munito di comando a distanza<\/li>\n<li>Miscelatore verticale<\/li>\n<li>20 m tubo acqua<\/li>\n<li>25 m cavo di alimentazione e comando a distanza<\/li>\n<li>15 m tubo spiralato per cemento cellulare<\/li>\n<li>Peso totale: 58 kg<\/li>\n<\/ul>\n<\/td>\n<\/tr>\n<\/tbody>\n<\/table>\n<p>&nbsp;<\/p>\n","protected":false},"excerpt":{"rendered":"<p>Il<strong> generatore di schiuma KIT CEMENTO CELLULARE 230V <\/strong>\u00e8 un accessorio che, abbinato ad una macchina intonacatrice monofase, permette la produzione del calcestruzzo cellulare miscelando boiacca di cemento con la schiuma.<\/p>\n","protected":false},"featured_media":3569,"template":"","meta":[],"product_cat":[36,38,50],"product_tag":[],"class_list":["post-3292","product","type-product","status-publish","has-post-thumbnail","hentry","product_cat-accessori","product_cat-macchine","product_cat-pompare-massetti-cellulari"],"yoast_head":"<title>Calcestruzzo cellulare KIT CEMENTO CELLULARE - TES<\/title>\n<meta name=\"description\" content=\"Il generatore di schiuma KIT CEMENTO CELLULARE 230V sul sito tecnoedilsistem.com dove puoi trovare prodotti per l&#039;edilizia: macchine, ricambi ed accessori.\" \/>\n<meta name=\"robots\" content=\"index, follow, max-snippet:-1, max-image-preview:large, max-video-preview:-1\" \/>\n<link rel=\"canonical\" href=\"https:\/\/www.tecnoedilsistem.com\/generatore-di-schiuma-kit-cemento-cellulare-230v\/\" \/>\n<meta property=\"og:locale\" content=\"en_US\" \/>\n<meta property=\"og:type\" content=\"article\" \/>\n<meta property=\"og:title\" content=\"Calcestruzzo cellulare KIT CEMENTO CELLULARE - TES\" \/>\n<meta property=\"og:description\" content=\"Il generatore di schiuma KIT CEMENTO CELLULARE 230V sul sito tecnoedilsistem.com dove puoi trovare prodotti per l&#039;edilizia: macchine, ricambi ed accessori.\" \/>\n<meta property=\"og:url\" content=\"https:\/\/www.tecnoedilsistem.com\/generatore-di-schiuma-kit-cemento-cellulare-230v\/\" \/>\n<meta property=\"og:site_name\" content=\"Tecnoedilsistem\" \/>\n<meta property=\"article:modified_time\" content=\"2023-08-29T06:51:47+00:00\" \/>\n<meta property=\"og:image\" content=\"https:\/\/www.tecnoedilsistem.com\/newsite\/wp-content\/uploads\/2019\/05\/KIT-CEMENTO-CELLULARE-230V-1.jpg\" \/>\n\t<meta property=\"og:image:width\" content=\"1024\" \/>\n\t<meta property=\"og:image:height\" content=\"1024\" \/>\n\t<meta property=\"og:image:type\" content=\"image\/jpeg\" \/>\n<meta name=\"twitter:card\" content=\"summary_large_image\" \/>\n<meta name=\"twitter:label1\" content=\"Est. reading time\" \/>\n\t<meta name=\"twitter:data1\" content=\"2 minutes\" \/>\n<script type=\"application\/ld+json\" class=\"yoast-schema-graph\">{\"@context\":\"https:\/\/schema.org\",\"@graph\":[{\"@type\":\"WebPage\",\"@id\":\"https:\/\/www.tecnoedilsistem.com\/generatore-di-schiuma-kit-cemento-cellulare-230v\/\",\"url\":\"https:\/\/www.tecnoedilsistem.com\/generatore-di-schiuma-kit-cemento-cellulare-230v\/\",\"name\":\"Calcestruzzo cellulare KIT CEMENTO CELLULARE - TES\",\"isPartOf\":{\"@id\":\"https:\/\/www.tecnoedilsistem.com\/#website\"},\"datePublished\":\"2019-05-11T09:13:54+00:00\",\"dateModified\":\"2023-08-29T06:51:47+00:00\",\"description\":\"Il generatore di schiuma KIT CEMENTO CELLULARE 230V sul sito tecnoedilsistem.com dove puoi trovare prodotti per l'edilizia: macchine, ricambi ed accessori.\",\"breadcrumb\":{\"@id\":\"https:\/\/www.tecnoedilsistem.com\/generatore-di-schiuma-kit-cemento-cellulare-230v\/#breadcrumb\"},\"inLanguage\":\"en-US\",\"potentialAction\":[{\"@type\":\"ReadAction\",\"target\":[\"https:\/\/www.tecnoedilsistem.com\/generatore-di-schiuma-kit-cemento-cellulare-230v\/\"]}]},{\"@type\":\"BreadcrumbList\",\"@id\":\"https:\/\/www.tecnoedilsistem.com\/generatore-di-schiuma-kit-cemento-cellulare-230v\/#breadcrumb\",\"itemListElement\":[{\"@type\":\"ListItem\",\"position\":1,\"name\":\"Home\",\"item\":\"https:\/\/www.tecnoedilsistem.com\/en\/\"},{\"@type\":\"ListItem\",\"position\":2,\"name\":\"Shop\",\"item\":\"https:\/\/www.tecnoedilsistem.com\/?page_id=6\"},{\"@type\":\"ListItem\",\"position\":3,\"name\":\"Generatore di schiuma KIT CEMENTO CELLULARE 230V (1 compressore)\"}]},{\"@type\":\"WebSite\",\"@id\":\"https:\/\/www.tecnoedilsistem.com\/#website\",\"url\":\"https:\/\/www.tecnoedilsistem.com\/\",\"name\":\"Tecnoedilsistem\",\"description\":\"Progettazione, sviluppo e commercio di macchine edili\",\"potentialAction\":[{\"@type\":\"SearchAction\",\"target\":{\"@type\":\"EntryPoint\",\"urlTemplate\":\"https:\/\/www.tecnoedilsistem.com\/?s={search_term_string}\"},\"query-input\":\"required name=search_term_string\"}],\"inLanguage\":\"en-US\"}]}<\/script>","yoast_head_json":{"title":"Calcestruzzo cellulare KIT CEMENTO CELLULARE - TES","description":"Il generatore di schiuma KIT CEMENTO CELLULARE 230V sul sito tecnoedilsistem.com dove puoi trovare prodotti per l'edilizia: macchine, ricambi ed accessori.","robots":{"index":"index","follow":"follow","max-snippet":"max-snippet:-1","max-image-preview":"max-image-preview:large","max-video-preview":"max-video-preview:-1"},"canonical":"https:\/\/www.tecnoedilsistem.com\/generatore-di-schiuma-kit-cemento-cellulare-230v\/","og_locale":"en_US","og_type":"article","og_title":"Calcestruzzo cellulare KIT CEMENTO CELLULARE - TES","og_description":"Il generatore di schiuma KIT CEMENTO CELLULARE 230V sul sito tecnoedilsistem.com dove puoi trovare prodotti per l'edilizia: macchine, ricambi ed accessori.","og_url":"https:\/\/www.tecnoedilsistem.com\/generatore-di-schiuma-kit-cemento-cellulare-230v\/","og_site_name":"Tecnoedilsistem","article_modified_time":"2023-08-29T06:51:47+00:00","og_image":[{"width":1024,"height":1024,"url":"https:\/\/www.tecnoedilsistem.com\/newsite\/wp-content\/uploads\/2019\/05\/KIT-CEMENTO-CELLULARE-230V-1.jpg","type":"image\/jpeg"}],"twitter_card":"summary_large_image","twitter_misc":{"Est. reading time":"2 minutes"},"schema":{"@context":"https:\/\/schema.org","@graph":[{"@type":"WebPage","@id":"https:\/\/www.tecnoedilsistem.com\/generatore-di-schiuma-kit-cemento-cellulare-230v\/","url":"https:\/\/www.tecnoedilsistem.com\/generatore-di-schiuma-kit-cemento-cellulare-230v\/","name":"Calcestruzzo cellulare KIT CEMENTO CELLULARE - TES","isPartOf":{"@id":"https:\/\/www.tecnoedilsistem.com\/#website"},"datePublished":"2019-05-11T09:13:54+00:00","dateModified":"2023-08-29T06:51:47+00:00","description":"Il generatore di schiuma KIT CEMENTO CELLULARE 230V sul sito tecnoedilsistem.com dove puoi trovare prodotti per l'edilizia: macchine, ricambi ed accessori.","breadcrumb":{"@id":"https:\/\/www.tecnoedilsistem.com\/generatore-di-schiuma-kit-cemento-cellulare-230v\/#breadcrumb"},"inLanguage":"en-US","potentialAction":[{"@type":"ReadAction","target":["https:\/\/www.tecnoedilsistem.com\/generatore-di-schiuma-kit-cemento-cellulare-230v\/"]}]},{"@type":"BreadcrumbList","@id":"https:\/\/www.tecnoedilsistem.com\/generatore-di-schiuma-kit-cemento-cellulare-230v\/#breadcrumb","itemListElement":[{"@type":"ListItem","position":1,"name":"Home","item":"https:\/\/www.tecnoedilsistem.com\/en\/"},{"@type":"ListItem","position":2,"name":"Shop","item":"https:\/\/www.tecnoedilsistem.com\/?page_id=6"},{"@type":"ListItem","position":3,"name":"Generatore di schiuma KIT CEMENTO CELLULARE 230V (1 compressore)"}]},{"@type":"WebSite","@id":"https:\/\/www.tecnoedilsistem.com\/#website","url":"https:\/\/www.tecnoedilsistem.com\/","name":"Tecnoedilsistem","description":"Progettazione, sviluppo e commercio di macchine edili","potentialAction":[{"@type":"SearchAction","target":{"@type":"EntryPoint","urlTemplate":"https:\/\/www.tecnoedilsistem.com\/?s={search_term_string}"},"query-input":"required name=search_term_string"}],"inLanguage":"en-US"}]}},"_links":{"self":[{"href":"https:\/\/www.tecnoedilsistem.com\/en\/wp-json\/wp\/v2\/product\/3292","targetHints":{"allow":["GET"]}}],"collection":[{"href":"https:\/\/www.tecnoedilsistem.com\/en\/wp-json\/wp\/v2\/product"}],"about":[{"href":"https:\/\/www.tecnoedilsistem.com\/en\/wp-json\/wp\/v2\/types\/product"}],"wp:featuredmedia":[{"embeddable":true,"href":"https:\/\/www.tecnoedilsistem.com\/en\/wp-json\/wp\/v2\/media\/3569"}],"wp:attachment":[{"href":"https:\/\/www.tecnoedilsistem.com\/en\/wp-json\/wp\/v2\/media?parent=3292"}],"wp:term":[{"taxonomy":"product_cat","embeddable":true,"href":"https:\/\/www.tecnoedilsistem.com\/en\/wp-json\/wp\/v2\/product_cat?post=3292"},{"taxonomy":"product_tag","embeddable":true,"href":"https:\/\/www.tecnoedilsistem.com\/en\/wp-json\/wp\/v2\/product_tag?post=3292"}],"curies":[{"name":"wp","href":"https:\/\/api.w.org\/{rel}","templated":true}]}}