{"id":3131,"date":"2019-04-11T18:40:00","date_gmt":"2019-04-11T16:40:00","guid":{"rendered":"https:\/\/www.tecnoedilsistem.com\/newsite\/?post_type=product&#038;p=3131"},"modified":"2024-06-08T15:25:30","modified_gmt":"2024-06-08T13:25:30","slug":"macchina-intonaco-tradizionale-mac-beton-230v-400v","status":"publish","type":"product","link":"https:\/\/www.tecnoedilsistem.com\/macchina-intonaco-tradizionale-mac-beton-230v-400v\/","title":{"rendered":"Macchina per intonaco tradizionale <br\/>MAC BETON 230V\/400V"},"content":{"rendered":"<ul>\n<li>Quadro elettrico con inverter<\/li>\n<li>Accaio inox<\/li>\n<li>Presenza di voltmetro<\/li>\n<\/ul>\n<p>La<strong> macchina per intonaco tradizionale MAC BETON<\/strong> \u00e8 una macchina intonacatrice universale, con struttura in acciaio inox, per la posa in opera di: intonaci tradizionali, intonaci premiscelati, malta per muratura, livellanti e betoncini. Tali prodotti, prima di essere introdotti nella macchina, devono essere preimpastati con betoniere, impastatrici continue o con molazze. Sulla <strong>macchina per intonaco tradizionale<\/strong> <strong>MAC BETON<\/strong> pu\u00f2 essere applicato un vibrovaglio. Di facile utilizzo, pu\u00f2 essere spostata su qualsiasi superficie avendo ruote pneumatiche. La ricambistica, sia meccanica che elettrica, \u00e8 reperibile in qualsiasi negozio specializzato. Ha un comando pneumatico a distanza che permette di fermarla e farla ripartire a seconda dell&#8217;utilizzo.<\/p>\n<p>Si consiglia di utilizzare sabbie con una granulometria fino ad un massimo di 3 &#8211; 4 mm, altrimenti sar\u00e0 necessario utilizzare tubi aventi un diametro maggiore.<\/p>\n<p>&nbsp;<\/p>\n<table style=\"height: 800px;\" width=\"590\">\n<tbody>\n<tr>\n<td style=\"text-align: left;\" width=\"340\">\n<h5><strong>Indicazioni d\u2019uso<\/strong><\/h5>\n<\/td>\n<\/tr>\n<tr>\n<td style=\"text-align: left;\" width=\"340\">\n<ul>\n<li>\n<h5>Applicare\/proiettare intonaci gi\u00e0 impastati (molazza, betoniera, autobetoniera, etc.)<\/h5>\n<\/li>\n<li>\n<h5>Pompare massetti autolivellanti<\/h5>\n<\/li>\n<li>\n<h5>Pompare massetti alleggeriti<\/h5>\n<\/li>\n<\/ul>\n<\/td>\n<\/tr>\n<tr>\n<td style=\"text-align: left;\" width=\"340\">\n<h5><strong>Caratteristiche Tecniche<\/strong><\/h5>\n<\/td>\n<\/tr>\n<tr>\n<td style=\"text-align: left;\" width=\"340\">\n<ul>\n<li>Tensione: 230 V \/ 400 V<\/li>\n<li>Motoriduttore pompa mono: 157 giri\/min. &#8211; 4.0 kW &#8211; 14.2 A<\/li>\n<li>Compressore a membrana: 210 l\/min. &#8211; 0.52 kW &#8211; 2.6 A<\/li>\n<li>Vibratore: 0.09 kW &#8211; 0.43 A<\/li>\n<li>Inverter: 4.0 kW &#8211; 17.5 A<\/li>\n<li>*Prevalenza: fino a 25 m<\/li>\n<li>*Portata: 1400 l\/h (R7 Rosso) &#8211; 2000 l\/h (R8 Nero)<\/li>\n<li>Potenza max assorbita: 5.5 kW &#8211; 10 A<\/li>\n<li>Peso totale: 150 Kg<\/li>\n<li>Lunghezza x Larghezza x Altezza: 155 x 72 x 63 cm<\/li>\n<\/ul>\n<p>* I valori possono variare a seconda della qualit\u00e0 e della composizione del materiale utilizzato, dalle condizioni dei tubi e della pompa mono.<\/td>\n<\/tr>\n<tr>\n<td style=\"text-align: left;\" width=\"340\">\n<h5><strong>Dotazione Standard<\/strong><\/h5>\n<\/td>\n<\/tr>\n<tr>\n<td style=\"text-align: left;\" width=\"340\">\n<ul>\n<li>Quadro elettrico ausiliario<\/li>\n<li>30 m tubo malta 35 x 47 (40 atm)<\/li>\n<li>30 m cavo elettrico<\/li>\n<li>Set manutenzione e pulizia<\/li>\n<li>30 m tubo aria 12 x 19 (10 atm)<\/li>\n<li>N\u00b01 Kit Statore e Rotore (Polmone e Vite): R7 Rosso<\/li>\n<li>Peso totale: 83 kg<\/li>\n<\/ul>\n<\/td>\n<\/tr>\n<tr>\n<td style=\"text-align: left;\" width=\"340\">\n<h5><strong>Abbinamenti consigliati tra Pompe Mono e materiali<\/strong><\/h5>\n<\/td>\n<\/tr>\n<tr>\n<td style=\"text-align: left;\" width=\"340\"><strong>R7 Rosso<\/strong><\/p>\n<ul>\n<li><strong>INTONACO TRADIZIONALE:<\/strong><br \/>\n<h6>PREIMPASTATO &#8211; A BASE CEMENTO &#8211; A BASE CALCE &#8211; A BASE CALCE\/CEMENTO &#8211; STRUTTURALE &#8211; ISOLANTE A CAPPOTTO &#8211; ACUSTICO &#8211; IGNIFUGO<\/h6>\n<\/li>\n<li><strong>MASSETTO:<\/strong><br \/>\n<h6>AUTOLIVELLANTE A BASE DI POLIMERI &#8211; ALLEGGERITO CON PERLE DI POLISTIRENE<\/h6>\n<\/li>\n<li><strong>MALTE TECNICHE<\/strong><\/li>\n<\/ul>\n<\/td>\n<\/tr>\n<\/tbody>\n<\/table>\n<p>&nbsp;<\/p>\n","protected":false},"excerpt":{"rendered":"<p>La<strong> macchina per intonaco tradizionale MAC BETON<\/strong> \u00e8 una macchina intonacatrice universale, con struttura in acciaio inox, per la posa in opera di: intonaci tradizionali, intonaci premiscelati, malta per muratura, livellanti e betoncini.<\/p>\n","protected":false},"featured_media":3132,"template":"","meta":[],"product_cat":[38,109,49,52],"product_tag":[],"class_list":["post-3131","product","type-product","status-publish","has-post-thumbnail","hentry","product_cat-macchine","product_cat-pompare-massetti-alleggeriti","product_cat-pompare-massetti-autolivellanti","product_cat-proiettare-intonaci-pre-impastati"],"yoast_head":"<title>Macchina per intonaco tradizionale MAC BETON su Tecno Edil Sistem<\/title>\n<meta name=\"description\" content=\"Macchina per intonaco tradizionale MAC BETON 230V\/400V in vendita su tecnoedilsistem.com dove puoi trovare prodotti per l&#039;edilizia, ricambi ed accessori.\" \/>\n<meta name=\"robots\" content=\"index, follow, max-snippet:-1, max-image-preview:large, max-video-preview:-1\" \/>\n<link rel=\"canonical\" href=\"https:\/\/www.tecnoedilsistem.com\/macchina-intonaco-tradizionale-mac-beton-230v-400v\/\" \/>\n<meta property=\"og:locale\" content=\"en_US\" \/>\n<meta property=\"og:type\" content=\"article\" \/>\n<meta property=\"og:title\" content=\"Macchina per intonaco tradizionale MAC BETON su Tecno Edil Sistem\" \/>\n<meta property=\"og:description\" content=\"Macchina per intonaco tradizionale MAC BETON 230V\/400V in vendita su tecnoedilsistem.com dove puoi trovare prodotti per l&#039;edilizia, ricambi ed accessori.\" \/>\n<meta property=\"og:url\" content=\"https:\/\/www.tecnoedilsistem.com\/macchina-intonaco-tradizionale-mac-beton-230v-400v\/\" \/>\n<meta property=\"og:site_name\" content=\"Tecnoedilsistem\" \/>\n<meta property=\"article:modified_time\" content=\"2024-06-08T13:25:30+00:00\" \/>\n<meta property=\"og:image\" content=\"https:\/\/www.tecnoedilsistem.com\/newsite\/wp-content\/uploads\/2019\/04\/MAC-BETON-230V-400V.jpg\" \/>\n\t<meta property=\"og:image:width\" content=\"1500\" \/>\n\t<meta property=\"og:image:height\" content=\"1500\" \/>\n\t<meta property=\"og:image:type\" content=\"image\/jpeg\" \/>\n<meta name=\"twitter:card\" content=\"summary_large_image\" \/>\n<meta name=\"twitter:label1\" content=\"Est. reading time\" \/>\n\t<meta name=\"twitter:data1\" content=\"2 minutes\" \/>\n<script type=\"application\/ld+json\" class=\"yoast-schema-graph\">{\"@context\":\"https:\/\/schema.org\",\"@graph\":[{\"@type\":\"WebPage\",\"@id\":\"https:\/\/www.tecnoedilsistem.com\/macchina-intonaco-tradizionale-mac-beton-230v-400v\/\",\"url\":\"https:\/\/www.tecnoedilsistem.com\/macchina-intonaco-tradizionale-mac-beton-230v-400v\/\",\"name\":\"Macchina per intonaco tradizionale MAC BETON su Tecno Edil Sistem\",\"isPartOf\":{\"@id\":\"https:\/\/www.tecnoedilsistem.com\/#website\"},\"datePublished\":\"2019-04-11T16:40:00+00:00\",\"dateModified\":\"2024-06-08T13:25:30+00:00\",\"description\":\"Macchina per intonaco tradizionale MAC BETON 230V\/400V in vendita su tecnoedilsistem.com dove puoi trovare prodotti per l'edilizia, ricambi ed accessori.\",\"breadcrumb\":{\"@id\":\"https:\/\/www.tecnoedilsistem.com\/macchina-intonaco-tradizionale-mac-beton-230v-400v\/#breadcrumb\"},\"inLanguage\":\"en-US\",\"potentialAction\":[{\"@type\":\"ReadAction\",\"target\":[\"https:\/\/www.tecnoedilsistem.com\/macchina-intonaco-tradizionale-mac-beton-230v-400v\/\"]}]},{\"@type\":\"BreadcrumbList\",\"@id\":\"https:\/\/www.tecnoedilsistem.com\/macchina-intonaco-tradizionale-mac-beton-230v-400v\/#breadcrumb\",\"itemListElement\":[{\"@type\":\"ListItem\",\"position\":1,\"name\":\"Home\",\"item\":\"https:\/\/www.tecnoedilsistem.com\/en\/\"},{\"@type\":\"ListItem\",\"position\":2,\"name\":\"Shop\",\"item\":\"https:\/\/www.tecnoedilsistem.com\/?page_id=6\"},{\"@type\":\"ListItem\",\"position\":3,\"name\":\"Macchina per intonaco tradizionale &lt;br\/&gt;MAC BETON 230V\/400V\"}]},{\"@type\":\"WebSite\",\"@id\":\"https:\/\/www.tecnoedilsistem.com\/#website\",\"url\":\"https:\/\/www.tecnoedilsistem.com\/\",\"name\":\"Tecnoedilsistem\",\"description\":\"Progettazione, sviluppo e commercio di macchine edili\",\"potentialAction\":[{\"@type\":\"SearchAction\",\"target\":{\"@type\":\"EntryPoint\",\"urlTemplate\":\"https:\/\/www.tecnoedilsistem.com\/?s={search_term_string}\"},\"query-input\":\"required name=search_term_string\"}],\"inLanguage\":\"en-US\"}]}<\/script>","yoast_head_json":{"title":"Macchina per intonaco tradizionale MAC BETON su Tecno Edil Sistem","description":"Macchina per intonaco tradizionale MAC BETON 230V\/400V in vendita su tecnoedilsistem.com dove puoi trovare prodotti per l'edilizia, ricambi ed accessori.","robots":{"index":"index","follow":"follow","max-snippet":"max-snippet:-1","max-image-preview":"max-image-preview:large","max-video-preview":"max-video-preview:-1"},"canonical":"https:\/\/www.tecnoedilsistem.com\/macchina-intonaco-tradizionale-mac-beton-230v-400v\/","og_locale":"en_US","og_type":"article","og_title":"Macchina per intonaco tradizionale MAC BETON su Tecno Edil Sistem","og_description":"Macchina per intonaco tradizionale MAC BETON 230V\/400V in vendita su tecnoedilsistem.com dove puoi trovare prodotti per l'edilizia, ricambi ed accessori.","og_url":"https:\/\/www.tecnoedilsistem.com\/macchina-intonaco-tradizionale-mac-beton-230v-400v\/","og_site_name":"Tecnoedilsistem","article_modified_time":"2024-06-08T13:25:30+00:00","og_image":[{"width":1500,"height":1500,"url":"https:\/\/www.tecnoedilsistem.com\/newsite\/wp-content\/uploads\/2019\/04\/MAC-BETON-230V-400V.jpg","type":"image\/jpeg"}],"twitter_card":"summary_large_image","twitter_misc":{"Est. reading time":"2 minutes"},"schema":{"@context":"https:\/\/schema.org","@graph":[{"@type":"WebPage","@id":"https:\/\/www.tecnoedilsistem.com\/macchina-intonaco-tradizionale-mac-beton-230v-400v\/","url":"https:\/\/www.tecnoedilsistem.com\/macchina-intonaco-tradizionale-mac-beton-230v-400v\/","name":"Macchina per intonaco tradizionale MAC BETON su Tecno Edil Sistem","isPartOf":{"@id":"https:\/\/www.tecnoedilsistem.com\/#website"},"datePublished":"2019-04-11T16:40:00+00:00","dateModified":"2024-06-08T13:25:30+00:00","description":"Macchina per intonaco tradizionale MAC BETON 230V\/400V in vendita su tecnoedilsistem.com dove puoi trovare prodotti per l'edilizia, ricambi ed accessori.","breadcrumb":{"@id":"https:\/\/www.tecnoedilsistem.com\/macchina-intonaco-tradizionale-mac-beton-230v-400v\/#breadcrumb"},"inLanguage":"en-US","potentialAction":[{"@type":"ReadAction","target":["https:\/\/www.tecnoedilsistem.com\/macchina-intonaco-tradizionale-mac-beton-230v-400v\/"]}]},{"@type":"BreadcrumbList","@id":"https:\/\/www.tecnoedilsistem.com\/macchina-intonaco-tradizionale-mac-beton-230v-400v\/#breadcrumb","itemListElement":[{"@type":"ListItem","position":1,"name":"Home","item":"https:\/\/www.tecnoedilsistem.com\/en\/"},{"@type":"ListItem","position":2,"name":"Shop","item":"https:\/\/www.tecnoedilsistem.com\/?page_id=6"},{"@type":"ListItem","position":3,"name":"Macchina per intonaco tradizionale &lt;br\/&gt;MAC BETON 230V\/400V"}]},{"@type":"WebSite","@id":"https:\/\/www.tecnoedilsistem.com\/#website","url":"https:\/\/www.tecnoedilsistem.com\/","name":"Tecnoedilsistem","description":"Progettazione, sviluppo e commercio di macchine edili","potentialAction":[{"@type":"SearchAction","target":{"@type":"EntryPoint","urlTemplate":"https:\/\/www.tecnoedilsistem.com\/?s={search_term_string}"},"query-input":"required name=search_term_string"}],"inLanguage":"en-US"}]}},"_links":{"self":[{"href":"https:\/\/www.tecnoedilsistem.com\/en\/wp-json\/wp\/v2\/product\/3131","targetHints":{"allow":["GET"]}}],"collection":[{"href":"https:\/\/www.tecnoedilsistem.com\/en\/wp-json\/wp\/v2\/product"}],"about":[{"href":"https:\/\/www.tecnoedilsistem.com\/en\/wp-json\/wp\/v2\/types\/product"}],"wp:featuredmedia":[{"embeddable":true,"href":"https:\/\/www.tecnoedilsistem.com\/en\/wp-json\/wp\/v2\/media\/3132"}],"wp:attachment":[{"href":"https:\/\/www.tecnoedilsistem.com\/en\/wp-json\/wp\/v2\/media?parent=3131"}],"wp:term":[{"taxonomy":"product_cat","embeddable":true,"href":"https:\/\/www.tecnoedilsistem.com\/en\/wp-json\/wp\/v2\/product_cat?post=3131"},{"taxonomy":"product_tag","embeddable":true,"href":"https:\/\/www.tecnoedilsistem.com\/en\/wp-json\/wp\/v2\/product_tag?post=3131"}],"curies":[{"name":"wp","href":"https:\/\/api.w.org\/{rel}","templated":true}]}}