{"id":3075,"date":"2019-04-05T15:49:17","date_gmt":"2019-04-05T13:49:17","guid":{"rendered":"https:\/\/www.tecnoedilsistem.com\/newsite\/?post_type=product&#038;p=3075"},"modified":"2025-07-16T04:22:53","modified_gmt":"2025-07-16T02:22:53","slug":"intonacatrice-mac-90-evolution-230v","status":"publish","type":"product","link":"https:\/\/www.tecnoedilsistem.com\/intonacatrice-mac-90-evolution-230v\/","title":{"rendered":"Intonacatrice<br\/>MAC 90 evolution 230V"},"content":{"rendered":"<ul>\n<li>Acciaio inox<\/li>\n<li>Piccola macchina, grandi prestazioni<\/li>\n<li>Poca polvere<\/li>\n<\/ul>\n<p>L&#8217;<strong>intonacatrice MAC 90 evolution<\/strong> <strong>230V <\/strong>\u00e8 una macchina realizzata su richiesta e soddisfa l&#8217;esigenza della piccola cantieristica in quanto \u00e8 alimentata con il contatore da 3 kW. Pu\u00f2 essere utilizzata con tutti i tipi di malte ed intonaci premiscelati, intonaci isolanti a cappotto. Pu\u00f2 essere usata con il sistema a sacchi, il sistema pneumatico oppure direttamente sotto al silo.<\/p>\n<p>\u00c8 semplice da utilizzare e da movimentare su qualsiasi superficie avendo delle ruote pneumatiche. L&#8217;<strong>intonacatrice MAC 90 evolution 230V<\/strong> pu\u00f2 essere smontata in varie parti agevolando il trasporto. Le parti meccaniche ed elettriche possono essere reperite in ogni negozio specializzato.<\/p>\n<table style=\"height: 800px;\" width=\"590\">\n<tbody>\n<tr>\n<td style=\"text-align: left;\" width=\"340\"><strong>Indicazioni d\u2019uso<\/strong><\/td>\n<\/tr>\n<tr>\n<td style=\"text-align: left;\" width=\"340\">\n<ul>\n<li>Applicare\/proiettare intonaci premiscelati &#8220;secchi&#8221; (sacco o silo) &#8211; sistema premiscelato<\/li>\n<\/ul>\n<\/td>\n<\/tr>\n<tr>\n<td style=\"text-align: left;\" width=\"340\"><strong>Caratteristiche Tecniche<\/strong><\/td>\n<\/tr>\n<tr>\n<td style=\"text-align: left;\" width=\"340\">\n<ul>\n<li>Tensione: 230V<\/li>\n<li>Motoriduttore pompa mono: 320 giri\/min. &#8211; 4.00 kW &#8211; 15 A<\/li>\n<li>Motoriduttore coclea trasportatrice: 92 giri\/min. &#8211; 0.37 kW &#8211; 1.95 A<\/li>\n<li>Elettropompa acqua: 5-50 l\/min. &#8211; 0.5 kW &#8211; 3.7 A<\/li>\n<li>Inverter: 4 kW &#8211; 17.5 A<\/li>\n<li>*Portata: 1100 l\/h (<a href=\"https:\/\/www.tecnoedilsistem.com\/newsite\/gamma-statori-e-rotori\/statore-mv-d4-rosso\/\">MV D4 Rosso<\/a>)<\/li>\n<li>*Prevalenza: fino a 15 m (25 m con tubo conico)<\/li>\n<li>*Pressione di esercizio: dai 10 ai 40 bar<\/li>\n<li>Potenza max assorbita: 4 kW &#8211; 19.5 A<\/li>\n<li>Peso totale: 225 Kg<\/li>\n<li>Lunghezza x Larghezza x Altezza: 121 x 74 x 160 cm<\/li>\n<\/ul>\n<p>* I valori possono variare a seconda della qualit\u00e0 e della composizione del materiale utilizzato, dalle condizioni dei tubi e della pompa mono.<\/td>\n<\/tr>\n<tr>\n<td style=\"text-align: left;\" width=\"340\"><strong>Dotazione Standard<\/strong><\/td>\n<\/tr>\n<tr>\n<td style=\"text-align: left;\" width=\"340\">\n<ul>\n<li>Compressore rotativo: 200 l\/min. &#8211; 0.37 kW &#8211; 2.7 A<\/li>\n<li>15 m tubo malta 25 x 37 (40 atm)<\/li>\n<li>15 m tubo aria 12 x 19 (10 atm)<\/li>\n<li>20 m tubo acqua 19 x 26 (10 atm)<\/li>\n<li>25 m cavo elettrico<\/li>\n<li>1 pistola spruzza intonaco<\/li>\n<li>Set manutenzione e pulizia<\/li>\n<li>N\u00b01 <a href=\"https:\/\/www.tecnoedilsistem.com\/kit-1-1-statore-rotore-mvd4-rosso\/\">Kit Statore e Rotore (Polmone e Vite): MV D4 Rosso<\/a><\/li>\n<li>Peso totale: 64 kg<\/li>\n<\/ul>\n<\/td>\n<\/tr>\n<tr>\n<td style=\"text-align: left;\" width=\"340\"><strong>Abbinamenti consigliati tra Pompe Mono e materiali<\/strong><\/td>\n<\/tr>\n<tr>\n<td style=\"text-align: left;\" width=\"340\"><strong><a href=\"https:\/\/www.tecnoedilsistem.com\/newsite\/gamma-statori-e-rotori\/statore-mv-d4-rosso\/\">MV D4 Rosso<\/a><\/strong><\/p>\n<ul>\n<li><strong>INTONACO PREMISCELATO:<\/strong><br \/>\n<h6>A BASE GESSO &#8211; A BASE CALCE\/GESSO &#8211; A BASE CEMENTO &#8211; A BASE CALCE &#8211; A BASE CALCE\/CEMENTO &#8211; STRUTTURALE &#8211; ISOLANTE A CAPPOTTO &#8211; ACUSTICO<\/h6>\n<\/ul>\n<\/li>\n<\/ul>\n<\/td>\n<\/tr>\n<\/tbody>\n<\/table>\n<p>&nbsp;<\/p>\n","protected":false},"excerpt":{"rendered":"<p><strong>L&#8217;intonacatrice MAC 90 evolution<\/strong> <strong>230 V <\/strong>pu\u00f2 essere utilizzata con tutti i tipi di malte ed intonaci premiscelati e intonaci isolanti a cappotto.<\/p>\n","protected":false},"featured_media":3004,"template":"","meta":[],"product_cat":[38,53],"product_tag":[],"class_list":["post-3075","product","type-product","status-publish","has-post-thumbnail","hentry","product_cat-macchine","product_cat-proiettare-intonaci-premiscelati"],"yoast_head":"<title>IntonacatriceMAC 90 evolution 230V in vendita su Tecno Edil Sistem<\/title>\n<meta name=\"description\" content=\"IntonacatriceMAC 90 evolution 230V in vendita su tecnoedilsistem.com dove puoi trovare prodotti per il settore edile: macchine, ricambi ed accessori.\" \/>\n<meta name=\"robots\" content=\"index, follow, max-snippet:-1, max-image-preview:large, max-video-preview:-1\" \/>\n<link rel=\"canonical\" href=\"https:\/\/www.tecnoedilsistem.com\/intonacatrice-mac-90-evolution-230v\/\" \/>\n<meta property=\"og:locale\" content=\"en_US\" \/>\n<meta property=\"og:type\" content=\"article\" \/>\n<meta property=\"og:title\" content=\"IntonacatriceMAC 90 evolution 230V in vendita su Tecno Edil Sistem\" \/>\n<meta property=\"og:description\" content=\"IntonacatriceMAC 90 evolution 230V in vendita su tecnoedilsistem.com dove puoi trovare prodotti per il settore edile: macchine, ricambi ed accessori.\" \/>\n<meta property=\"og:url\" content=\"https:\/\/www.tecnoedilsistem.com\/intonacatrice-mac-90-evolution-230v\/\" \/>\n<meta property=\"og:site_name\" content=\"Tecnoedilsistem\" \/>\n<meta property=\"article:modified_time\" content=\"2025-07-16T02:22:53+00:00\" \/>\n<meta property=\"og:image\" content=\"https:\/\/www.tecnoedilsistem.com\/newsite\/wp-content\/uploads\/2019\/04\/MAC-90-evolution-1.jpg\" \/>\n\t<meta property=\"og:image:width\" content=\"1500\" \/>\n\t<meta property=\"og:image:height\" content=\"1500\" \/>\n\t<meta property=\"og:image:type\" content=\"image\/jpeg\" \/>\n<meta name=\"twitter:card\" content=\"summary_large_image\" \/>\n<meta name=\"twitter:label1\" content=\"Est. reading time\" \/>\n\t<meta name=\"twitter:data1\" content=\"2 minutes\" \/>\n<script type=\"application\/ld+json\" class=\"yoast-schema-graph\">{\"@context\":\"https:\/\/schema.org\",\"@graph\":[{\"@type\":\"WebPage\",\"@id\":\"https:\/\/www.tecnoedilsistem.com\/intonacatrice-mac-90-evolution-230v\/\",\"url\":\"https:\/\/www.tecnoedilsistem.com\/intonacatrice-mac-90-evolution-230v\/\",\"name\":\"Intonacatrice MAC 90 evolution 230V in vendita su Tecno Edil Sistem\",\"isPartOf\":{\"@id\":\"https:\/\/www.tecnoedilsistem.com\/#website\"},\"datePublished\":\"2019-04-05T13:49:17+00:00\",\"dateModified\":\"2025-07-16T02:22:53+00:00\",\"description\":\"Intonacatrice MAC 90 evolution 230V in vendita su tecnoedilsistem.com dove puoi trovare prodotti per il settore edile: macchine, ricambi ed accessori.\",\"breadcrumb\":{\"@id\":\"https:\/\/www.tecnoedilsistem.com\/intonacatrice-mac-90-evolution-230v\/#breadcrumb\"},\"inLanguage\":\"en-US\",\"potentialAction\":[{\"@type\":\"ReadAction\",\"target\":[\"https:\/\/www.tecnoedilsistem.com\/intonacatrice-mac-90-evolution-230v\/\"]}]},{\"@type\":\"BreadcrumbList\",\"@id\":\"https:\/\/www.tecnoedilsistem.com\/intonacatrice-mac-90-evolution-230v\/#breadcrumb\",\"itemListElement\":[{\"@type\":\"ListItem\",\"position\":1,\"name\":\"Home\",\"item\":\"https:\/\/www.tecnoedilsistem.com\/en\/\"},{\"@type\":\"ListItem\",\"position\":2,\"name\":\"Shop\",\"item\":\"https:\/\/www.tecnoedilsistem.com\/?page_id=6\"},{\"@type\":\"ListItem\",\"position\":3,\"name\":\"IntonacatriceMAC 90 evolution 230V\"}]},{\"@type\":\"WebSite\",\"@id\":\"https:\/\/www.tecnoedilsistem.com\/#website\",\"url\":\"https:\/\/www.tecnoedilsistem.com\/\",\"name\":\"Tecnoedilsistem\",\"description\":\"Progettazione, sviluppo e commercio di macchine edili\",\"potentialAction\":[{\"@type\":\"SearchAction\",\"target\":{\"@type\":\"EntryPoint\",\"urlTemplate\":\"https:\/\/www.tecnoedilsistem.com\/?s={search_term_string}\"},\"query-input\":\"required name=search_term_string\"}],\"inLanguage\":\"en-US\"}]}<\/script>","yoast_head_json":{"title":"IntonacatriceMAC 90 evolution 230V in vendita su Tecno Edil Sistem","description":"IntonacatriceMAC 90 evolution 230V in vendita su tecnoedilsistem.com dove puoi trovare prodotti per il settore edile: macchine, ricambi ed accessori.","robots":{"index":"index","follow":"follow","max-snippet":"max-snippet:-1","max-image-preview":"max-image-preview:large","max-video-preview":"max-video-preview:-1"},"canonical":"https:\/\/www.tecnoedilsistem.com\/intonacatrice-mac-90-evolution-230v\/","og_locale":"en_US","og_type":"article","og_title":"IntonacatriceMAC 90 evolution 230V in vendita su Tecno Edil Sistem","og_description":"IntonacatriceMAC 90 evolution 230V in vendita su tecnoedilsistem.com dove puoi trovare prodotti per il settore edile: macchine, ricambi ed accessori.","og_url":"https:\/\/www.tecnoedilsistem.com\/intonacatrice-mac-90-evolution-230v\/","og_site_name":"Tecnoedilsistem","article_modified_time":"2025-07-16T02:22:53+00:00","og_image":[{"width":1500,"height":1500,"url":"https:\/\/www.tecnoedilsistem.com\/newsite\/wp-content\/uploads\/2019\/04\/MAC-90-evolution-1.jpg","type":"image\/jpeg"}],"twitter_card":"summary_large_image","twitter_misc":{"Est. reading time":"2 minutes"},"schema":{"@context":"https:\/\/schema.org","@graph":[{"@type":"WebPage","@id":"https:\/\/www.tecnoedilsistem.com\/intonacatrice-mac-90-evolution-230v\/","url":"https:\/\/www.tecnoedilsistem.com\/intonacatrice-mac-90-evolution-230v\/","name":"Intonacatrice MAC 90 evolution 230V in vendita su Tecno Edil Sistem","isPartOf":{"@id":"https:\/\/www.tecnoedilsistem.com\/#website"},"datePublished":"2019-04-05T13:49:17+00:00","dateModified":"2025-07-16T02:22:53+00:00","description":"Intonacatrice MAC 90 evolution 230V in vendita su tecnoedilsistem.com dove puoi trovare prodotti per il settore edile: macchine, ricambi ed accessori.","breadcrumb":{"@id":"https:\/\/www.tecnoedilsistem.com\/intonacatrice-mac-90-evolution-230v\/#breadcrumb"},"inLanguage":"en-US","potentialAction":[{"@type":"ReadAction","target":["https:\/\/www.tecnoedilsistem.com\/intonacatrice-mac-90-evolution-230v\/"]}]},{"@type":"BreadcrumbList","@id":"https:\/\/www.tecnoedilsistem.com\/intonacatrice-mac-90-evolution-230v\/#breadcrumb","itemListElement":[{"@type":"ListItem","position":1,"name":"Home","item":"https:\/\/www.tecnoedilsistem.com\/en\/"},{"@type":"ListItem","position":2,"name":"Shop","item":"https:\/\/www.tecnoedilsistem.com\/?page_id=6"},{"@type":"ListItem","position":3,"name":"IntonacatriceMAC 90 evolution 230V"}]},{"@type":"WebSite","@id":"https:\/\/www.tecnoedilsistem.com\/#website","url":"https:\/\/www.tecnoedilsistem.com\/","name":"Tecnoedilsistem","description":"Progettazione, sviluppo e commercio di macchine edili","potentialAction":[{"@type":"SearchAction","target":{"@type":"EntryPoint","urlTemplate":"https:\/\/www.tecnoedilsistem.com\/?s={search_term_string}"},"query-input":"required name=search_term_string"}],"inLanguage":"en-US"}]}},"_links":{"self":[{"href":"https:\/\/www.tecnoedilsistem.com\/en\/wp-json\/wp\/v2\/product\/3075","targetHints":{"allow":["GET"]}}],"collection":[{"href":"https:\/\/www.tecnoedilsistem.com\/en\/wp-json\/wp\/v2\/product"}],"about":[{"href":"https:\/\/www.tecnoedilsistem.com\/en\/wp-json\/wp\/v2\/types\/product"}],"wp:featuredmedia":[{"embeddable":true,"href":"https:\/\/www.tecnoedilsistem.com\/en\/wp-json\/wp\/v2\/media\/3004"}],"wp:attachment":[{"href":"https:\/\/www.tecnoedilsistem.com\/en\/wp-json\/wp\/v2\/media?parent=3075"}],"wp:term":[{"taxonomy":"product_cat","embeddable":true,"href":"https:\/\/www.tecnoedilsistem.com\/en\/wp-json\/wp\/v2\/product_cat?post=3075"},{"taxonomy":"product_tag","embeddable":true,"href":"https:\/\/www.tecnoedilsistem.com\/en\/wp-json\/wp\/v2\/product_tag?post=3075"}],"curies":[{"name":"wp","href":"https:\/\/api.w.org\/{rel}","templated":true}]}}