{"id":3027,"date":"2019-04-03T21:34:50","date_gmt":"2019-04-03T19:34:50","guid":{"rendered":"https:\/\/www.tecnoedilsistem.com\/newsite\/?post_type=product&#038;p=3027"},"modified":"2022-11-23T11:55:44","modified_gmt":"2022-11-23T10:55:44","slug":"mac-beton-mass-400v","status":"publish","type":"product","link":"https:\/\/www.tecnoedilsistem.com\/macchine\/mac-beton-mass-400v-massetti\/","title":{"rendered":"MAC BETON MASS 400V &#8211; Massetti"},"content":{"rendered":"<ul>\n<li>Quadro elettrico con inverter<\/li>\n<li>Accaio inox<\/li>\n<li>Grandi portate<\/li>\n<\/ul>\n<p><strong>MAC BETON MASS<\/strong> \u00e8 una macchina per la posa in opera di massetti autolivellanti, alleggeriti, fonoassorbenti e termoisolanti, che devono essere preimpastati, prima dell&#8217;uso, o con betoniera o con impastatrici continue (<strong>REAL MAC MASS<\/strong>) o con mescolatrici tipo (<strong><a href=\"https:\/\/www.tecnoedilsistem.com\/newsite\/turbo-beton-230v\/\">TURBO BETON<\/a><\/strong>).<\/p>\n<p>\u00c8 realizzata in acciaio inossidabile ed \u00e8 facile da usare e da trasportare su qualsiasi superficie perch\u00e9 dotata di ruote. <strong>MAC BETON MASS<\/strong> pu\u00f2 essere azionata con un comando a distanza o dal <strong><a href=\"https:\/\/www.tecnoedilsistem.com\/newsite\/accessori\/kit-cemento-cellulare\/\">KIT CEMENTO CELLULARE<\/a><\/strong>.<\/p>\n<table style=\"height: 800px;\" width=\"590\">\n<tbody>\n<tr>\n<td style=\"text-align: left;\" width=\"340\"><strong>Indicazioni d\u2019uso<\/strong><\/td>\n<\/tr>\n<tr>\n<td style=\"text-align: left;\" width=\"340\">\n<ul>\n<li>Pompare massetti autolivellanti<\/li>\n<li>Compatibile con il <a href=\"https:\/\/www.tecnoedilsistem.com\/newsite\/accessori\/kit-cemento-cellulare\/\">KIT CEMENTO CELLULARE<\/a><\/li>\n<\/ul>\n<\/td>\n<\/tr>\n<tr>\n<td style=\"text-align: left;\" width=\"340\"><strong>Caratteristiche Tecniche<\/strong><\/td>\n<\/tr>\n<tr>\n<td style=\"text-align: left;\" width=\"340\">\n<ul>\n<li>Tensione: 400 V<\/li>\n<li>Motoriduttore pompa mono: 156 giri\/min. &#8211; 7.5 kW &#8211; 14.6 A<\/li>\n<li>Inverter: 7.5 kW<\/li>\n<li>*Portata: 2000 l\/h (R8 Nero) &#8211; 7700 l\/h (60-12 Arancione)<\/li>\n<li>*Prevalenza: fino a 50 m con statori autoregolabili<\/li>\n<li>*Pressione di esercizio: dai 10 ai 30 bar<\/li>\n<li>Potenza max assorbita: 7.8 kW &#8211; 14 A<\/li>\n<li>Potenza sonora: 100 dB(A)<\/li>\n<li>Peso totale: 250 Kg<\/li>\n<li>Lunghezza x Larghezza x Altezza: 190 x 80 x 65 cm<\/li>\n<\/ul>\n<p>* I valori possono variare a seconda della qualit\u00e0 e della composizione del materiale utilizzato, dalle condizioni dei tubi e della pompa mono.<\/td>\n<\/tr>\n<tr>\n<td style=\"text-align: left;\" width=\"340\"><strong>Dotazione Standard<\/strong><\/td>\n<\/tr>\n<tr>\n<td style=\"text-align: left;\" width=\"340\">\n<ul>\n<li>30 m tubo malta \u00d8 50\/60<\/li>\n<li>10 m tubo a spirale<\/li>\n<li>25 m cavo elettrico<\/li>\n<li>Set manutenzione e pulizia<\/li>\n<li>Peso totale: 66 kg<\/li>\n<\/ul>\n<\/td>\n<\/tr>\n<tr>\n<td style=\"text-align: left;\" width=\"340\"><strong>Abbinamenti consigliati tra Pompe Mono e materiali<\/strong><\/td>\n<\/tr>\n<tr>\n<td style=\"text-align: left;\" width=\"340\"><strong>R8 Nero<\/strong><\/p>\n<ul>\n<li><strong>MALTE TRADIZIONALI<\/strong>\n<ul>\n<li>MALTA DA MURATURA<\/li>\n<li>MALTA PER ARMATURE<\/li>\n<li>BOIACCA DI CALCE-CEMENTO<\/li>\n<li>MALTA DI RINFORZO<\/li>\n<\/ul>\n<\/li>\n<li><strong>MASSETTI<\/strong>\n<ul>\n<li>MASSETTO ALLEGGERITO CON PERLE DI POLISTIRENE<\/li>\n<li>MASSETTO ALLEGGERITO CON PERLITE<\/li>\n<li>MASSETTO AUTOLIVELLANTE A BASE DI POLIMERI<\/li>\n<li>MASSETTO CELLULARE CON <a href=\"https:\/\/www.tecnoedilsistem.com\/newsite\/accessori\/kit-cemento-cellulare\/\">KIT CEMENTO CELLULARE<\/a><\/li>\n<\/ul>\n<\/li>\n<\/ul>\n<\/td>\n<\/tr>\n<tr>\n<td style=\"text-align: left;\" width=\"340\"><strong>60-12 (corto) Arancione<\/strong><\/p>\n<ul>\n<li><strong>MALTE TRADIZIONALI<\/strong>\n<ul>\n<li>MALTA DA MURATURA<\/li>\n<li>MALTA PER ARMATURE<\/li>\n<li>BOIACCA DI CALCE-CEMENTO<\/li>\n<li>MALTA DI RINFORZO<\/li>\n<\/ul>\n<\/li>\n<li><strong>MASSETTI<\/strong>\n<ul>\n<li>MASSETTO ALLEGGERITO CON PERLE DI POLISTIRENE<\/li>\n<li>MASSETTO ALLEGGERITO CON PERLITE<\/li>\n<li>MASSETTO AUTOLIVELLANTE A BASE DI POLIMERI<\/li>\n<li>MASSETTO CELLULARE CON <a href=\"https:\/\/www.tecnoedilsistem.com\/newsite\/accessori\/kit-cemento-cellulare\/\">KIT CEMENTO CELLULARE<\/a><\/li>\n<\/ul>\n<\/li>\n<\/ul>\n<\/td>\n<\/tr>\n<tr>\n<td style=\"text-align: left;\" width=\"340\"><strong>60-12 (lungo) Arancione<\/strong><\/p>\n<ul>\n<li><strong>MALTE TRADIZIONALI<\/strong>\n<ul>\n<li>MALTA DA MURATURA<\/li>\n<li>MALTA PER ARMATURE<\/li>\n<li>BOIACCA DI CALCE-CEMENTO<\/li>\n<li>MALTA DI RINFORZO<\/li>\n<\/ul>\n<\/li>\n<li><strong>MASSETTI<\/strong>\n<ul>\n<li>MASSETTO ALLEGGERITO CON PERLE DI POLISTIRENE<\/li>\n<li>MASSETTO ALLEGGERITO CON PERLITE<\/li>\n<li>MASSETTO AUTOLIVELLANTE A BASE DI POLIMERI<\/li>\n<li>MASSETTO CELLULARE CON <a href=\"https:\/\/www.tecnoedilsistem.com\/newsite\/accessori\/kit-cemento-cellulare\/\">KIT CEMENTO CELLULARE<\/a><\/li>\n<\/ul>\n<\/li>\n<\/ul>\n<\/td>\n<\/tr>\n<\/tbody>\n<\/table>\n<p>&nbsp;<\/p>\n","protected":false},"excerpt":{"rendered":"<p><strong>MAC BETON MASS<\/strong> \u00e8 una macchina per la posa in opera di massetti autolivellanti, alleggeriti, fonoassorbenti e termoisolanti, che devono essere preimpastati\u00a0 prima dell&#8217;uso.<\/p>\n","protected":false},"featured_media":3030,"template":"","meta":[],"product_cat":[38,49,50],"product_tag":[104],"class_list":["post-3027","product","type-product","status-publish","has-post-thumbnail","hentry","product_cat-macchine","product_cat-pompare-massetti-autolivellanti","product_cat-pompare-massetti-cellulari","product_tag-mac-beton-mass-400v"],"yoast_head":"<title>MAC BETON MASS 400V - Massetti in vendita su Tecno Edil Sistem<\/title>\n<meta name=\"description\" content=\"MAC BETON MASS 400V - Massetti in vendita su tecnoedilsistem.com dove puoi trovare prodotti per il settore edile: macchine, ricambi ed accessori.\" \/>\n<meta name=\"robots\" content=\"index, follow, max-snippet:-1, max-image-preview:large, max-video-preview:-1\" \/>\n<link rel=\"canonical\" href=\"https:\/\/www.tecnoedilsistem.com\/macchine\/mac-beton-mass-400v-massetti\/\" \/>\n<meta property=\"og:locale\" content=\"en_US\" \/>\n<meta property=\"og:type\" content=\"article\" \/>\n<meta property=\"og:title\" content=\"MAC BETON MASS 400V - Massetti in vendita su Tecno Edil Sistem\" \/>\n<meta property=\"og:description\" content=\"MAC BETON MASS 400V - Massetti in vendita su tecnoedilsistem.com dove puoi trovare prodotti per il settore edile: macchine, ricambi ed accessori.\" \/>\n<meta property=\"og:url\" content=\"https:\/\/www.tecnoedilsistem.com\/macchine\/mac-beton-mass-400v-massetti\/\" \/>\n<meta property=\"og:site_name\" content=\"Tecnoedilsistem\" \/>\n<meta property=\"article:modified_time\" content=\"2022-11-23T10:55:44+00:00\" \/>\n<meta property=\"og:image\" content=\"https:\/\/www.tecnoedilsistem.com\/newsite\/wp-content\/uploads\/2019\/04\/MAC-BETON-MASS-1.jpg\" \/>\n\t<meta property=\"og:image:width\" content=\"1500\" \/>\n\t<meta property=\"og:image:height\" content=\"1500\" \/>\n\t<meta property=\"og:image:type\" content=\"image\/jpeg\" \/>\n<meta name=\"twitter:card\" content=\"summary_large_image\" \/>\n<meta name=\"twitter:label1\" content=\"Est. reading time\" \/>\n\t<meta name=\"twitter:data1\" content=\"2 minutes\" \/>\n<script type=\"application\/ld+json\" class=\"yoast-schema-graph\">{\"@context\":\"https:\/\/schema.org\",\"@graph\":[{\"@type\":\"WebPage\",\"@id\":\"https:\/\/www.tecnoedilsistem.com\/macchine\/mac-beton-mass-400v-massetti\/\",\"url\":\"https:\/\/www.tecnoedilsistem.com\/macchine\/mac-beton-mass-400v-massetti\/\",\"name\":\"MAC BETON MASS 400V - Massetti in vendita su Tecno Edil Sistem\",\"isPartOf\":{\"@id\":\"https:\/\/www.tecnoedilsistem.com\/#website\"},\"datePublished\":\"2019-04-03T19:34:50+00:00\",\"dateModified\":\"2022-11-23T10:55:44+00:00\",\"description\":\"MAC BETON MASS 400V - Massetti in vendita su tecnoedilsistem.com dove puoi trovare prodotti per il settore edile: macchine, ricambi ed accessori.\",\"breadcrumb\":{\"@id\":\"https:\/\/www.tecnoedilsistem.com\/macchine\/mac-beton-mass-400v-massetti\/#breadcrumb\"},\"inLanguage\":\"en-US\",\"potentialAction\":[{\"@type\":\"ReadAction\",\"target\":[\"https:\/\/www.tecnoedilsistem.com\/macchine\/mac-beton-mass-400v-massetti\/\"]}]},{\"@type\":\"BreadcrumbList\",\"@id\":\"https:\/\/www.tecnoedilsistem.com\/macchine\/mac-beton-mass-400v-massetti\/#breadcrumb\",\"itemListElement\":[{\"@type\":\"ListItem\",\"position\":1,\"name\":\"Home\",\"item\":\"https:\/\/www.tecnoedilsistem.com\/en\/\"},{\"@type\":\"ListItem\",\"position\":2,\"name\":\"Shop\",\"item\":\"https:\/\/www.tecnoedilsistem.com\/?page_id=6\"},{\"@type\":\"ListItem\",\"position\":3,\"name\":\"MAC BETON MASS 400V &#8211; Massetti\"}]},{\"@type\":\"WebSite\",\"@id\":\"https:\/\/www.tecnoedilsistem.com\/#website\",\"url\":\"https:\/\/www.tecnoedilsistem.com\/\",\"name\":\"Tecnoedilsistem\",\"description\":\"Progettazione, sviluppo e commercio di macchine edili\",\"potentialAction\":[{\"@type\":\"SearchAction\",\"target\":{\"@type\":\"EntryPoint\",\"urlTemplate\":\"https:\/\/www.tecnoedilsistem.com\/?s={search_term_string}\"},\"query-input\":\"required name=search_term_string\"}],\"inLanguage\":\"en-US\"}]}<\/script>","yoast_head_json":{"title":"MAC BETON MASS 400V - Massetti in vendita su Tecno Edil Sistem","description":"MAC BETON MASS 400V - Massetti in vendita su tecnoedilsistem.com dove puoi trovare prodotti per il settore edile: macchine, ricambi ed accessori.","robots":{"index":"index","follow":"follow","max-snippet":"max-snippet:-1","max-image-preview":"max-image-preview:large","max-video-preview":"max-video-preview:-1"},"canonical":"https:\/\/www.tecnoedilsistem.com\/macchine\/mac-beton-mass-400v-massetti\/","og_locale":"en_US","og_type":"article","og_title":"MAC BETON MASS 400V - Massetti in vendita su Tecno Edil Sistem","og_description":"MAC BETON MASS 400V - Massetti in vendita su tecnoedilsistem.com dove puoi trovare prodotti per il settore edile: macchine, ricambi ed accessori.","og_url":"https:\/\/www.tecnoedilsistem.com\/macchine\/mac-beton-mass-400v-massetti\/","og_site_name":"Tecnoedilsistem","article_modified_time":"2022-11-23T10:55:44+00:00","og_image":[{"width":1500,"height":1500,"url":"https:\/\/www.tecnoedilsistem.com\/newsite\/wp-content\/uploads\/2019\/04\/MAC-BETON-MASS-1.jpg","type":"image\/jpeg"}],"twitter_card":"summary_large_image","twitter_misc":{"Est. reading time":"2 minutes"},"schema":{"@context":"https:\/\/schema.org","@graph":[{"@type":"WebPage","@id":"https:\/\/www.tecnoedilsistem.com\/macchine\/mac-beton-mass-400v-massetti\/","url":"https:\/\/www.tecnoedilsistem.com\/macchine\/mac-beton-mass-400v-massetti\/","name":"MAC BETON MASS 400V - Massetti in vendita su Tecno Edil Sistem","isPartOf":{"@id":"https:\/\/www.tecnoedilsistem.com\/#website"},"datePublished":"2019-04-03T19:34:50+00:00","dateModified":"2022-11-23T10:55:44+00:00","description":"MAC BETON MASS 400V - Massetti in vendita su tecnoedilsistem.com dove puoi trovare prodotti per il settore edile: macchine, ricambi ed accessori.","breadcrumb":{"@id":"https:\/\/www.tecnoedilsistem.com\/macchine\/mac-beton-mass-400v-massetti\/#breadcrumb"},"inLanguage":"en-US","potentialAction":[{"@type":"ReadAction","target":["https:\/\/www.tecnoedilsistem.com\/macchine\/mac-beton-mass-400v-massetti\/"]}]},{"@type":"BreadcrumbList","@id":"https:\/\/www.tecnoedilsistem.com\/macchine\/mac-beton-mass-400v-massetti\/#breadcrumb","itemListElement":[{"@type":"ListItem","position":1,"name":"Home","item":"https:\/\/www.tecnoedilsistem.com\/en\/"},{"@type":"ListItem","position":2,"name":"Shop","item":"https:\/\/www.tecnoedilsistem.com\/?page_id=6"},{"@type":"ListItem","position":3,"name":"MAC BETON MASS 400V &#8211; Massetti"}]},{"@type":"WebSite","@id":"https:\/\/www.tecnoedilsistem.com\/#website","url":"https:\/\/www.tecnoedilsistem.com\/","name":"Tecnoedilsistem","description":"Progettazione, sviluppo e commercio di macchine edili","potentialAction":[{"@type":"SearchAction","target":{"@type":"EntryPoint","urlTemplate":"https:\/\/www.tecnoedilsistem.com\/?s={search_term_string}"},"query-input":"required name=search_term_string"}],"inLanguage":"en-US"}]}},"_links":{"self":[{"href":"https:\/\/www.tecnoedilsistem.com\/en\/wp-json\/wp\/v2\/product\/3027","targetHints":{"allow":["GET"]}}],"collection":[{"href":"https:\/\/www.tecnoedilsistem.com\/en\/wp-json\/wp\/v2\/product"}],"about":[{"href":"https:\/\/www.tecnoedilsistem.com\/en\/wp-json\/wp\/v2\/types\/product"}],"wp:featuredmedia":[{"embeddable":true,"href":"https:\/\/www.tecnoedilsistem.com\/en\/wp-json\/wp\/v2\/media\/3030"}],"wp:attachment":[{"href":"https:\/\/www.tecnoedilsistem.com\/en\/wp-json\/wp\/v2\/media?parent=3027"}],"wp:term":[{"taxonomy":"product_cat","embeddable":true,"href":"https:\/\/www.tecnoedilsistem.com\/en\/wp-json\/wp\/v2\/product_cat?post=3027"},{"taxonomy":"product_tag","embeddable":true,"href":"https:\/\/www.tecnoedilsistem.com\/en\/wp-json\/wp\/v2\/product_tag?post=3027"}],"curies":[{"name":"wp","href":"https:\/\/api.w.org\/{rel}","templated":true}]}}