{"id":1823,"date":"2019-02-23T15:56:54","date_gmt":"2019-02-23T14:56:54","guid":{"rendered":"https:\/\/www.tecnoedilsistem.com\/newsite\/?post_type=product&#038;p=1823"},"modified":"2025-12-02T11:14:16","modified_gmt":"2025-12-02T10:14:16","slug":"frantumatore-crunchy","status":"publish","type":"product","link":"https:\/\/www.tecnoedilsistem.com\/macchine\/frantumatore-crunchy-230v\/","title":{"rendered":"Frantumatore <br\/> CRUNCHY 230V"},"content":{"rendered":"<ul>\n<li>Bassa Rumorosit\u00e0<\/li>\n<li>Piccolo ingombro<\/li>\n<li>Leggera e maneggevole<\/li>\n<\/ul>\n<p>Il<strong> frantumatore CRUNCHY<\/strong> permette di frantumare e insacchettare direttamente i resti leggeri di demolizione edile: calcinacci, tufo, laterizi, tegole, mattoni, pezzi di travertino e cemento.<\/p>\n<p>Robusta, sicura, dotata di ruote e facilmente trasportabile, <strong>CRUNCHY<\/strong> \u00e8 una macchina pensata per essere impiegata anche in appartamento, perch\u00e9 \u00e8 piccola, poco rumorosa e produce pochissima polvere.<\/p>\n<p>Il<strong> frantumatore CRUNCHY<\/strong> pu\u00f2 ridurre al minimo il volume di ingombro dei prodotti da demolire durante una ristrutturazione edile, ottimizzando cos\u00ec i costi per lo smaltimento degli stessi. Trasforma il materiale di scarto in materiale riutilizzabile per sottofondi, massetti per la stabilizzazione di fondi pedonali o carrabili, riempimenti, ecc.<\/p>\n<table style=\"height: 700px;\" width=\"590\">\n<tbody>\n<tr>\n<td style=\"text-align: left;\" width=\"340\"><strong>Indicazioni d\u2019uso<\/strong><\/td>\n<\/tr>\n<tr>\n<td style=\"text-align: left;\" width=\"340\">\n<ul>\n<li>Macchina frantumatrice<\/li>\n<\/ul>\n<\/td>\n<\/tr>\n<tr>\n<td style=\"text-align: left;\" width=\"340\"><strong>Caratteristiche Tecniche<\/strong><\/td>\n<\/tr>\n<tr>\n<td style=\"text-align: left;\" width=\"340\">\n<ul>\n<li>Tensione: 230 V &#8211; 50 Hz<\/li>\n<li>Potenza motore: 2 kW<\/li>\n<li>Rumorosit\u00e0: minore di 70 dB (A)<\/li>\n<li>Produttivit\u00e0: 1 m<sup>3<\/sup> ora<\/li>\n<li>Mascella mobile: ghisa con superficie rigata<\/li>\n<li>Protezioni: Salvamotore, pulsante d\u2019emergenza, bobina di sgancio per impedire il riavvio in caso di interruzione di alimentazione<\/li>\n<li>Peso totale: 115 kg<\/li>\n<li>Dimensioni bocca: 30 x 13 cm<\/li>\n<li>Lunghezza x Larghezza x Altezza: 84 x 46 x 101 cm<\/li>\n<\/ul>\n<\/td>\n<\/tr>\n<tr>\n<td style=\"text-align: left;\" width=\"340\"><strong>Manutenzione<\/strong><\/td>\n<\/tr>\n<tr>\n<td style=\"text-align: left;\" width=\"340\">\n<ul>\n<li>Lubrificazione dei soli supporti laterali con grasso, con applicazione in due soli punti facilmente accessibili<\/li>\n<\/ul>\n<\/td>\n<\/tr>\n<tr>\n<td style=\"text-align: left;\" width=\"340\"><strong>Dotazione Standard<\/strong><\/td>\n<\/tr>\n<tr>\n<td style=\"text-align: left;\" width=\"340\">\n<ul>\n<li>20 m cavo elettrico<\/li>\n<li>Peso totale: 3 kg<\/li>\n<\/ul>\n<\/td>\n<\/tr>\n<\/tbody>\n<\/table>\n","protected":false},"excerpt":{"rendered":"<p>CRUNCHY permette di frantumare e insacchettare direttamente i resti leggeri di demolizione edile: calcinacci, tufo, laterizi, tegole, mattoni, pezzi di travertino e cemento.<\/p>\n","protected":false},"featured_media":3054,"template":"","meta":[],"product_cat":[42,38],"product_tag":[108],"class_list":["post-1823","product","type-product","status-publish","has-post-thumbnail","hentry","product_cat-frantumare","product_cat-macchine","product_tag-crunchy"],"yoast_head":"<title>Frantumatore  CRUNCHY 230V in vendita su Tecno Edil Sistem<\/title>\n<meta name=\"description\" content=\"Frantumatore  CRUNCHY 230V in vendita su tecnoedilsistem.com dove puoi trovare prodotti per il settore edile: macchine, ricambi ed accessori.\" \/>\n<meta name=\"robots\" content=\"index, follow, max-snippet:-1, max-image-preview:large, max-video-preview:-1\" \/>\n<link rel=\"canonical\" href=\"https:\/\/www.tecnoedilsistem.com\/macchine\/frantumatore-crunchy-230v\/\" \/>\n<meta property=\"og:locale\" content=\"en_US\" \/>\n<meta property=\"og:type\" content=\"article\" \/>\n<meta property=\"og:title\" content=\"Frantumatore  CRUNCHY 230V in vendita su Tecno Edil Sistem\" \/>\n<meta property=\"og:description\" content=\"Frantumatore  CRUNCHY 230V in vendita su tecnoedilsistem.com dove puoi trovare prodotti per il settore edile: macchine, ricambi ed accessori.\" \/>\n<meta property=\"og:url\" content=\"https:\/\/www.tecnoedilsistem.com\/macchine\/frantumatore-crunchy-230v\/\" \/>\n<meta property=\"og:site_name\" content=\"Tecnoedilsistem\" \/>\n<meta property=\"article:modified_time\" content=\"2025-12-02T10:14:16+00:00\" \/>\n<meta property=\"og:image\" content=\"https:\/\/www.tecnoedilsistem.com\/newsite\/wp-content\/uploads\/2019\/02\/CRUNCHY-3-1.jpg\" \/>\n\t<meta property=\"og:image:width\" content=\"1500\" \/>\n\t<meta property=\"og:image:height\" content=\"1500\" \/>\n\t<meta property=\"og:image:type\" content=\"image\/jpeg\" \/>\n<meta name=\"twitter:card\" content=\"summary_large_image\" \/>\n<meta name=\"twitter:label1\" content=\"Est. reading time\" \/>\n\t<meta name=\"twitter:data1\" content=\"1 minute\" \/>\n<script type=\"application\/ld+json\" class=\"yoast-schema-graph\">{\"@context\":\"https:\/\/schema.org\",\"@graph\":[{\"@type\":\"WebPage\",\"@id\":\"https:\/\/www.tecnoedilsistem.com\/macchine\/frantumatore-crunchy-230v\/\",\"url\":\"https:\/\/www.tecnoedilsistem.com\/macchine\/frantumatore-crunchy-230v\/\",\"name\":\"Frantumatore CRUNCHY 230V in vendita su Tecno Edil Sistem\",\"isPartOf\":{\"@id\":\"https:\/\/www.tecnoedilsistem.com\/#website\"},\"datePublished\":\"2019-02-23T14:56:54+00:00\",\"dateModified\":\"2025-12-02T10:14:16+00:00\",\"description\":\"Frantumatore CRUNCHY 230V in vendita su tecnoedilsistem.com dove puoi trovare prodotti per il settore edile: macchine, ricambi ed accessori.\",\"breadcrumb\":{\"@id\":\"https:\/\/www.tecnoedilsistem.com\/macchine\/frantumatore-crunchy-230v\/#breadcrumb\"},\"inLanguage\":\"en-US\",\"potentialAction\":[{\"@type\":\"ReadAction\",\"target\":[\"https:\/\/www.tecnoedilsistem.com\/macchine\/frantumatore-crunchy-230v\/\"]}]},{\"@type\":\"BreadcrumbList\",\"@id\":\"https:\/\/www.tecnoedilsistem.com\/macchine\/frantumatore-crunchy-230v\/#breadcrumb\",\"itemListElement\":[{\"@type\":\"ListItem\",\"position\":1,\"name\":\"Home\",\"item\":\"https:\/\/www.tecnoedilsistem.com\/en\/\"},{\"@type\":\"ListItem\",\"position\":2,\"name\":\"Shop\",\"item\":\"https:\/\/www.tecnoedilsistem.com\/?page_id=6\"},{\"@type\":\"ListItem\",\"position\":3,\"name\":\"Frantumatore CRUNCHY 230V\"}]},{\"@type\":\"WebSite\",\"@id\":\"https:\/\/www.tecnoedilsistem.com\/#website\",\"url\":\"https:\/\/www.tecnoedilsistem.com\/\",\"name\":\"Tecnoedilsistem\",\"description\":\"Progettazione, sviluppo e commercio di macchine edili\",\"potentialAction\":[{\"@type\":\"SearchAction\",\"target\":{\"@type\":\"EntryPoint\",\"urlTemplate\":\"https:\/\/www.tecnoedilsistem.com\/?s={search_term_string}\"},\"query-input\":\"required name=search_term_string\"}],\"inLanguage\":\"en-US\"}]}<\/script>","yoast_head_json":{"title":"Frantumatore  CRUNCHY 230V in vendita su Tecno Edil Sistem","description":"Frantumatore  CRUNCHY 230V in vendita su tecnoedilsistem.com dove puoi trovare prodotti per il settore edile: macchine, ricambi ed accessori.","robots":{"index":"index","follow":"follow","max-snippet":"max-snippet:-1","max-image-preview":"max-image-preview:large","max-video-preview":"max-video-preview:-1"},"canonical":"https:\/\/www.tecnoedilsistem.com\/macchine\/frantumatore-crunchy-230v\/","og_locale":"en_US","og_type":"article","og_title":"Frantumatore  CRUNCHY 230V in vendita su Tecno Edil Sistem","og_description":"Frantumatore  CRUNCHY 230V in vendita su tecnoedilsistem.com dove puoi trovare prodotti per il settore edile: macchine, ricambi ed accessori.","og_url":"https:\/\/www.tecnoedilsistem.com\/macchine\/frantumatore-crunchy-230v\/","og_site_name":"Tecnoedilsistem","article_modified_time":"2025-12-02T10:14:16+00:00","og_image":[{"width":1500,"height":1500,"url":"https:\/\/www.tecnoedilsistem.com\/newsite\/wp-content\/uploads\/2019\/02\/CRUNCHY-3-1.jpg","type":"image\/jpeg"}],"twitter_card":"summary_large_image","twitter_misc":{"Est. reading time":"1 minute"},"schema":{"@context":"https:\/\/schema.org","@graph":[{"@type":"WebPage","@id":"https:\/\/www.tecnoedilsistem.com\/macchine\/frantumatore-crunchy-230v\/","url":"https:\/\/www.tecnoedilsistem.com\/macchine\/frantumatore-crunchy-230v\/","name":"Frantumatore CRUNCHY 230V in vendita su Tecno Edil Sistem","isPartOf":{"@id":"https:\/\/www.tecnoedilsistem.com\/#website"},"datePublished":"2019-02-23T14:56:54+00:00","dateModified":"2025-12-02T10:14:16+00:00","description":"Frantumatore CRUNCHY 230V in vendita su tecnoedilsistem.com dove puoi trovare prodotti per il settore edile: macchine, ricambi ed accessori.","breadcrumb":{"@id":"https:\/\/www.tecnoedilsistem.com\/macchine\/frantumatore-crunchy-230v\/#breadcrumb"},"inLanguage":"en-US","potentialAction":[{"@type":"ReadAction","target":["https:\/\/www.tecnoedilsistem.com\/macchine\/frantumatore-crunchy-230v\/"]}]},{"@type":"BreadcrumbList","@id":"https:\/\/www.tecnoedilsistem.com\/macchine\/frantumatore-crunchy-230v\/#breadcrumb","itemListElement":[{"@type":"ListItem","position":1,"name":"Home","item":"https:\/\/www.tecnoedilsistem.com\/en\/"},{"@type":"ListItem","position":2,"name":"Shop","item":"https:\/\/www.tecnoedilsistem.com\/?page_id=6"},{"@type":"ListItem","position":3,"name":"Frantumatore CRUNCHY 230V"}]},{"@type":"WebSite","@id":"https:\/\/www.tecnoedilsistem.com\/#website","url":"https:\/\/www.tecnoedilsistem.com\/","name":"Tecnoedilsistem","description":"Progettazione, sviluppo e commercio di macchine edili","potentialAction":[{"@type":"SearchAction","target":{"@type":"EntryPoint","urlTemplate":"https:\/\/www.tecnoedilsistem.com\/?s={search_term_string}"},"query-input":"required name=search_term_string"}],"inLanguage":"en-US"}]}},"_links":{"self":[{"href":"https:\/\/www.tecnoedilsistem.com\/en\/wp-json\/wp\/v2\/product\/1823","targetHints":{"allow":["GET"]}}],"collection":[{"href":"https:\/\/www.tecnoedilsistem.com\/en\/wp-json\/wp\/v2\/product"}],"about":[{"href":"https:\/\/www.tecnoedilsistem.com\/en\/wp-json\/wp\/v2\/types\/product"}],"wp:featuredmedia":[{"embeddable":true,"href":"https:\/\/www.tecnoedilsistem.com\/en\/wp-json\/wp\/v2\/media\/3054"}],"wp:attachment":[{"href":"https:\/\/www.tecnoedilsistem.com\/en\/wp-json\/wp\/v2\/media?parent=1823"}],"wp:term":[{"taxonomy":"product_cat","embeddable":true,"href":"https:\/\/www.tecnoedilsistem.com\/en\/wp-json\/wp\/v2\/product_cat?post=1823"},{"taxonomy":"product_tag","embeddable":true,"href":"https:\/\/www.tecnoedilsistem.com\/en\/wp-json\/wp\/v2\/product_tag?post=1823"}],"curies":[{"name":"wp","href":"https:\/\/api.w.org\/{rel}","templated":true}]}}